{"id":27584961,"date":"2025-07-22T09:10:05","date_gmt":"2025-07-22T09:10:05","guid":{"rendered":"https:\/\/www.bioethanolfrance.fr\/challenges-and-strengths\/"},"modified":"2025-11-27T12:12:37","modified_gmt":"2025-11-27T12:12:37","slug":"challenges-and-strengths","status":"publish","type":"page","link":"https:\/\/www.bioethanolfrance.fr\/en\/challenges-and-strengths\/","title":{"rendered":"Challenges and strengths"},"content":{"rendered":"<p>[et_pb_section fb_built=&#8221;1&#8243; admin_label=&#8221;Header&#8221; _builder_version=&#8221;4.27.4&#8243; _module_preset=&#8221;default&#8221; background_image=&#8221;https:\/\/www.bioethanolfrance.fr\/wp-content\/uploads\/2025\/07\/Bioethanol-France-Reduction-CO2-72-scaled.jpg&#8221; parallax=&#8221;on&#8221; width=&#8221;100%&#8221; module_alignment=&#8221;center&#8221; min_height=&#8221;500px&#8221; min_height_tablet=&#8221;450px&#8221; min_height_phone=&#8221;400px&#8221; min_height_last_edited=&#8221;on|phone&#8221; custom_padding=&#8221;||||false|false&#8221; custom_css_main_element=&#8221;display: flex;&#8221; border_radii=&#8221;on|0px|0px|0px|0px&#8221; collapsed=&#8221;off&#8221; global_colors_info=&#8221;{}&#8221;][et_pb_row _builder_version=&#8221;4.27.4&#8243; _module_preset=&#8221;default&#8221; custom_margin=&#8221;||0px||false|false&#8221; global_colors_info=&#8221;{}&#8221;][et_pb_column type=&#8221;4_4&#8243; _builder_version=&#8221;4.22.0&#8243; _module_preset=&#8221;default&#8221; global_colors_info=&#8221;{}&#8221;][et_pb_text module_class=&#8221;highlight-title&#8221; _builder_version=&#8221;4.27.4&#8243; _module_preset=&#8221;default&#8221; header_font=&#8221;&#8211;et_global_heading_font|700|||||||&#8221; header_text_color=&#8221;#003A7A&#8221; global_colors_info=&#8221;{}&#8221;]<\/p>\n<h1><span>CHALLENGES AND STRENGTHS<\/span><\/h1>\n<p>[\/et_pb_text][\/et_pb_column][\/et_pb_row][\/et_pb_section][et_pb_section fb_built=&#8221;1&#8243; admin_label=&#8221;About&#8221; _builder_version=&#8221;4.27.4&#8243; _module_preset=&#8221;default&#8221; collapsed=&#8221;off&#8221; global_colors_info=&#8221;{}&#8221;][et_pb_row column_structure=&#8221;3_5,2_5&#8243; _builder_version=&#8221;4.27.4&#8243; _module_preset=&#8221;default&#8221; global_colors_info=&#8221;{}&#8221;][et_pb_column type=&#8221;3_5&#8243; _builder_version=&#8221;4.22.0&#8243; _module_preset=&#8221;default&#8221; global_colors_info=&#8221;{}&#8221;][et_pb_text admin_label=&#8221;Le bio\u00e9thanol, un carburant qui r\u00e9duit les \u00e9missions de CO\u2082 de plus de 73 %&#8221; _builder_version=&#8221;4.27.4&#8243; _module_preset=&#8221;11e2b386-4402-4d36-87c2-9ef94ce1fdba&#8221; text_font=&#8221;GOTHAM-BOLD|800|||||||&#8221; text_text_color=&#8221;#003A7A&#8221; text_font_size=&#8221;32px&#8221; header_font=&#8221;|700|||||||&#8221; header_2_font=&#8221;GOTHAM-BOLD|700|||||||&#8221; header_2_text_color=&#8221;#003A7A&#8221; header_2_font_size=&#8221;38px&#8221; header_font_tablet=&#8221;|700|||||||&#8221; header_font_phone=&#8221;|700|||||||&#8221; header_font_last_edited=&#8221;on|phone&#8221; header_2_font_size_phone=&#8221;32px&#8221; global_colors_info=&#8221;{}&#8221;]<\/p>\n<h2>Bioethanol, a fuel that reduces CO\u2082 emissions by more than 73%<\/h2>\n<p>[\/et_pb_text][et_pb_text admin_label=&#8221;Description&#8221; _builder_version=&#8221;4.27.4&#8243; _module_preset=&#8221;default&#8221; text_text_color=&#8221;#474747&#8243; global_colors_info=&#8221;{}&#8221;]<\/p>\n<p>Bioethanol is produced from sugar beets and cereals (wheat, corn). It is a renewable energy source. It follows a virtuous cycle.<\/p>\n<p>The CO\u2082 emitted during its combustion comes from the atmosphere, as it was captured by the plants during their growth.<\/p>\n<p>According to the DGEC\u2019s CarbuRe website, which tracks biofuel consumption in France, the bioethanol blended in France in 2023 reduces net greenhouse gas emissions by more than 73% on average*.<\/p>\n<p>This corresponds to over 2 million tonnes of CO\u2082 saved each year, equivalent to one million CO\u2082-free vehicles***.<\/p>\n<p>[\/et_pb_text][\/et_pb_column][et_pb_column type=&#8221;2_5&#8243; _builder_version=&#8221;4.22.0&#8243; _module_preset=&#8221;default&#8221; global_colors_info=&#8221;{}&#8221;][et_pb_image src=&#8221;https:\/\/www.bioethanolfrance.fr\/wp-content\/uploads\/2025\/07\/Bioethanol-France-Reduction-CO2-DGEC.png&#8221; title_text=&#8221;Bioethanol-France-Reduction-CO2-DGEC&#8221; show_in_lightbox=&#8221;on&#8221; _builder_version=&#8221;4.27.4&#8243; _module_preset=&#8221;default&#8221; border_radii=&#8221;on|20px|20px|20px|20px&#8221; global_colors_info=&#8221;{}&#8221;][\/et_pb_image][\/et_pb_column][\/et_pb_row][et_pb_row column_structure=&#8221;3_5,2_5&#8243; _builder_version=&#8221;4.27.4&#8243; _module_preset=&#8221;default&#8221; global_colors_info=&#8221;{}&#8221;][et_pb_column type=&#8221;3_5&#8243; _builder_version=&#8221;4.22.0&#8243; _module_preset=&#8221;default&#8221; global_colors_info=&#8221;{}&#8221;][et_pb_text admin_label=&#8221;La France, premier producteur europ\u00e9en &#8221; _builder_version=&#8221;4.27.4&#8243; _module_preset=&#8221;11e2b386-4402-4d36-87c2-9ef94ce1fdba&#8221; text_font=&#8221;GOTHAM-BOLD|800|||||||&#8221; text_text_color=&#8221;#003A7A&#8221; text_font_size=&#8221;32px&#8221; header_font=&#8221;|700|||||||&#8221; header_2_font=&#8221;GOTHAM-BOLD|700|||||||&#8221; header_2_text_color=&#8221;#003A7A&#8221; header_2_font_size=&#8221;38px&#8221; header_font_tablet=&#8221;|700|||||||&#8221; header_font_phone=&#8221;|700|||||||&#8221; header_font_last_edited=&#8221;on|phone&#8221; header_2_font_size_phone=&#8221;32px&#8221; global_colors_info=&#8221;{}&#8221;]<\/p>\n<h2>France, the leading European producer <\/h2>\n<p>[\/et_pb_text][et_pb_text admin_label=&#8221;Description&#8221; _builder_version=&#8221;4.27.4&#8243; _module_preset=&#8221;default&#8221; text_text_color=&#8221;#474747&#8243; global_colors_info=&#8221;{}&#8221;]<\/p>\n<p>France produces approximately 11 to 12 million hectoliters of bioethanol each year, representing 20% of European production. It is the leading European producer, ahead of Germany. <\/p>\n<p>France exports a portion of its production to other European countries.<\/p>\n<p>[\/et_pb_text][\/et_pb_column][et_pb_column type=&#8221;2_5&#8243; _builder_version=&#8221;4.22.0&#8243; _module_preset=&#8221;default&#8221; global_colors_info=&#8221;{}&#8221;][et_pb_image src=&#8221;https:\/\/www.bioethanolfrance.fr\/wp-content\/uploads\/2025\/07\/Artboard-1Bioethanol-atout-1er.jpg&#8221; title_text=&#8221;Artboard 1Bioethanol-atout-1er&#8221; _builder_version=&#8221;4.27.4&#8243; _module_preset=&#8221;default&#8221; border_radii=&#8221;on|20px|20px|20px|20px&#8221; global_colors_info=&#8221;{}&#8221;][\/et_pb_image][\/et_pb_column][\/et_pb_row][et_pb_row column_structure=&#8221;3_5,2_5&#8243; _builder_version=&#8221;4.27.4&#8243; _module_preset=&#8221;default&#8221; global_colors_info=&#8221;{}&#8221;][et_pb_column type=&#8221;3_5&#8243; _builder_version=&#8221;4.22.0&#8243; _module_preset=&#8221;default&#8221; global_colors_info=&#8221;{}&#8221;][et_pb_text admin_label=&#8221;Un approvisionnement local et durable&#8221; _builder_version=&#8221;4.27.4&#8243; _module_preset=&#8221;11e2b386-4402-4d36-87c2-9ef94ce1fdba&#8221; text_font=&#8221;GOTHAM-BOLD|800|||||||&#8221; text_text_color=&#8221;#003A7A&#8221; text_font_size=&#8221;32px&#8221; header_font=&#8221;|700|||||||&#8221; header_2_font=&#8221;GOTHAM-BOLD|700|||||||&#8221; header_2_text_color=&#8221;#003A7A&#8221; header_2_font_size=&#8221;38px&#8221; header_font_tablet=&#8221;|700|||||||&#8221; header_font_phone=&#8221;|700|||||||&#8221; header_font_last_edited=&#8221;on|phone&#8221; header_2_font_size_phone=&#8221;32px&#8221; global_colors_info=&#8221;{}&#8221;]<\/p>\n<h2>A local and sustainable supply<\/h2>\n<p>[\/et_pb_text][et_pb_text admin_label=&#8221;Description&#8221; _builder_version=&#8221;4.27.4&#8243; _module_preset=&#8221;default&#8221; text_text_color=&#8221;#474747&#8243; global_colors_info=&#8221;{}&#8221;]<\/p>\n<p>French bioethanol plants rely on short supply chains to source their plant-based raw materials.<\/p>\n<p>The majority of bioethanol consumed in France is produced domestically, strengthening national energy autonomy while supporting local agriculture (beets, wheat, corn, and the waste and residues from their processing for animal feed).<\/p>\n<p>[\/et_pb_text][et_pb_text admin_label=&#8221;Des infrastructures industrielles ultramodernes&#8221; _builder_version=&#8221;4.27.4&#8243; _module_preset=&#8221;11e2b386-4402-4d36-87c2-9ef94ce1fdba&#8221; text_font=&#8221;GOTHAM-BOLD|800|||||||&#8221; text_text_color=&#8221;#003A7A&#8221; text_font_size=&#8221;32px&#8221; header_font=&#8221;|700|||||||&#8221; header_2_font=&#8221;GOTHAM-BOLD|700|||||||&#8221; header_2_text_color=&#8221;#003A7A&#8221; header_2_font_size=&#8221;38px&#8221; header_font_tablet=&#8221;|700|||||||&#8221; header_font_phone=&#8221;|700|||||||&#8221; header_font_last_edited=&#8221;on|phone&#8221; header_2_font_size_phone=&#8221;32px&#8221; global_colors_info=&#8221;{}&#8221;]<\/p>\n<h2>State-of-the-art industrial infrastructure<\/h2>\n<p>[\/et_pb_text][et_pb_text admin_label=&#8221;Description&#8221; _builder_version=&#8221;4.27.4&#8243; _module_preset=&#8221;default&#8221; text_text_color=&#8221;#474747&#8243; global_colors_info=&#8221;{}&#8221;]<\/p>\n<p>The bioethanol sector in France has invested over one billion euros in the construction of five state-of-the-art industrial plants, which are among the most efficient in the world.<\/p>\n<p>The majority of sites incorporate more environmentally friendly technologies, including:<\/p>\n<p>\u2022 Capture of CO\u2082 from alcoholic fermentation (one tonne of CO\u2082 per tonne of alcohol) to reduce emissions.<br \/>\u2022 Methanization of effluents to produce energy.<br \/>\u2022 Production of steam using geothermal energy, biomass, or even household waste.<\/p>\n<p>[\/et_pb_text][\/et_pb_column][et_pb_column type=&#8221;2_5&#8243; _builder_version=&#8221;4.22.0&#8243; _module_preset=&#8221;default&#8221; global_colors_info=&#8221;{}&#8221;][et_pb_image src=&#8221;https:\/\/www.bioethanolfrance.fr\/wp-content\/uploads\/2025\/07\/Artboard-1Bioethanol-Distillerie.jpg&#8221; title_text=&#8221;Print&#8221; _builder_version=&#8221;4.27.4&#8243; _module_preset=&#8221;default&#8221; border_radii=&#8221;on|20px|20px|20px|20px&#8221; global_colors_info=&#8221;{}&#8221;][\/et_pb_image][\/et_pb_column][\/et_pb_row][et_pb_row column_structure=&#8221;3_5,2_5&#8243; _builder_version=&#8221;4.27.4&#8243; _module_preset=&#8221;default&#8221; global_colors_info=&#8221;{}&#8221;][et_pb_column type=&#8221;3_5&#8243; _builder_version=&#8221;4.22.0&#8243; _module_preset=&#8221;default&#8221; global_colors_info=&#8221;{}&#8221;][et_pb_text admin_label=&#8221;Une valorisation compl\u00e8te des mati\u00e8res premi\u00e8res&#8221; _builder_version=&#8221;4.27.4&#8243; _module_preset=&#8221;11e2b386-4402-4d36-87c2-9ef94ce1fdba&#8221; text_font=&#8221;GOTHAM-BOLD|800|||||||&#8221; text_text_color=&#8221;#003A7A&#8221; text_font_size=&#8221;32px&#8221; header_font=&#8221;|700|||||||&#8221; header_2_font=&#8221;GOTHAM-BOLD|700|||||||&#8221; header_2_text_color=&#8221;#003A7A&#8221; header_2_font_size=&#8221;38px&#8221; header_font_tablet=&#8221;|700|||||||&#8221; header_font_phone=&#8221;|700|||||||&#8221; header_font_last_edited=&#8221;on|phone&#8221; header_2_font_size_phone=&#8221;32px&#8221; global_colors_info=&#8221;{}&#8221;]<\/p>\n<h2>Full valorization of raw materials<\/h2>\n<p>[\/et_pb_text][et_pb_text admin_label=&#8221;Description&#8221; _builder_version=&#8221;4.27.4&#8243; _module_preset=&#8221;default&#8221; text_text_color=&#8221;#474747&#8243; global_colors_info=&#8221;{}&#8221;]<\/p>\n<p>Bioethanol plants do not produce alcohol only. Elles g\u00e9n\u00e8rent des coproduits essentiels pour d&#8217;autres secteurs :<\/p>\n<p><strong>Animal feed:<\/strong> cereal distillers\u2019 grains, rich in protein, and beet pulp, rich in cellulose, replace imported plant proteins, particularly imported soybean meal.<\/p>\n<p><strong>Food industry:<\/strong> the CO\u2082 emitted during fermentation is captured, in some plants, for the production of carbonated beverages.<\/p>\n<p>[\/et_pb_text][\/et_pb_column][et_pb_column type=&#8221;2_5&#8243; _builder_version=&#8221;4.22.0&#8243; _module_preset=&#8221;default&#8221; global_colors_info=&#8221;{}&#8221;][et_pb_image src=&#8221;https:\/\/www.bioethanolfrance.fr\/wp-content\/uploads\/2025\/07\/dreche-ble-ethanol-vache.jpg&#8221; title_text=&#8221;dreche-ble-ethanol-vache&#8221; _builder_version=&#8221;4.27.4&#8243; _module_preset=&#8221;default&#8221; border_radii=&#8221;on|20px|20px|20px|20px&#8221; global_colors_info=&#8221;{}&#8221;][\/et_pb_image][\/et_pb_column][\/et_pb_row][et_pb_row column_structure=&#8221;3_5,2_5&#8243; _builder_version=&#8221;4.27.4&#8243; _module_preset=&#8221;default&#8221; global_colors_info=&#8221;{}&#8221;][et_pb_column type=&#8221;3_5&#8243; _builder_version=&#8221;4.22.0&#8243; _module_preset=&#8221;default&#8221; global_colors_info=&#8221;{}&#8221;][et_pb_text admin_label=&#8221;Un choix pour l\u2019avenir&#8221; _builder_version=&#8221;4.27.4&#8243; _module_preset=&#8221;11e2b386-4402-4d36-87c2-9ef94ce1fdba&#8221; text_font=&#8221;GOTHAM-BOLD|800|||||||&#8221; text_text_color=&#8221;#003A7A&#8221; text_font_size=&#8221;32px&#8221; header_font=&#8221;|700|||||||&#8221; header_2_font=&#8221;GOTHAM-BOLD|700|||||||&#8221; header_2_text_color=&#8221;#003A7A&#8221; header_2_font_size=&#8221;38px&#8221; header_font_tablet=&#8221;|700|||||||&#8221; header_font_phone=&#8221;|700|||||||&#8221; header_font_last_edited=&#8221;on|phone&#8221; header_2_font_size_phone=&#8221;32px&#8221; global_colors_info=&#8221;{}&#8221;]<\/p>\n<h2>A choice for the future<\/h2>\n<p>[\/et_pb_text][et_pb_text admin_label=&#8221;Description&#8221; _builder_version=&#8221;4.27.4&#8243; _module_preset=&#8221;default&#8221; text_text_color=&#8221;#474747&#8243; global_colors_info=&#8221;{}&#8221;]<\/p>\n<p>Alongside electrification, bioethanol is establishing itself as a key player in the energy transition and in reducing greenhouse gas emissions.<\/p>\n<p>With local production, modern infrastructure, and full resource valorization, it offers a concrete and sustainable solution to combine mobility with environmental protection. Il participe \u00e0 la d\u00e9carbonation des v\u00e9hicules l\u00e9gers.<\/p>\n<p>Superethanol-E85, a 100% renewable fuel with no fossil gasoline, is currently under development.<\/p>\n<p>[\/et_pb_text][\/et_pb_column][et_pb_column type=&#8221;2_5&#8243; _builder_version=&#8221;4.22.0&#8243; _module_preset=&#8221;default&#8221; global_colors_info=&#8221;{}&#8221;][et_pb_image src=&#8221;https:\/\/www.bioethanolfrance.fr\/wp-content\/uploads\/2025\/07\/Bioethanol-France-Avenir-Transition-Energetique.png&#8221; title_text=&#8221;Bioethanol-France-Avenir-Transition-Energetique&#8221; _builder_version=&#8221;4.27.4&#8243; _module_preset=&#8221;default&#8221; hover_enabled=&#8221;0&#8243; border_radii=&#8221;on|20px|20px|20px|20px&#8221; global_colors_info=&#8221;{}&#8221; sticky_enabled=&#8221;0&#8243;][\/et_pb_image][\/et_pb_column][\/et_pb_row][et_pb_row column_structure=&#8221;3_5,2_5&#8243; _builder_version=&#8221;4.27.4&#8243; _module_preset=&#8221;default&#8221; global_colors_info=&#8221;{}&#8221;][et_pb_column type=&#8221;3_5&#8243; _builder_version=&#8221;4.22.0&#8243; _module_preset=&#8221;default&#8221; global_colors_info=&#8221;{}&#8221;][et_pb_text admin_label=&#8221;Note bas de page&#8221; _builder_version=&#8221;4.27.4&#8243; _module_preset=&#8221;default&#8221; text_text_color=&#8221;#474747&#8243; global_colors_info=&#8221;{}&#8221;]<\/p>\n<p><em>*French General Directorate for Energy and Climate (DGEC)<\/em><br \/><em>**in CO\u2082 equivalent<\/em><br \/><em>*for vehicles emitting 2 tonnes per year (gasoline vehicle consuming 7L\/100 km over 13,000 km)<\/em><\/p>\n<p>[\/et_pb_text][\/et_pb_column][et_pb_column type=&#8221;2_5&#8243; _builder_version=&#8221;4.22.0&#8243; _module_preset=&#8221;default&#8221; global_colors_info=&#8221;{}&#8221;][\/et_pb_column][\/et_pb_row][\/et_pb_section]<\/p>\n","protected":false},"excerpt":{"rendered":"<p>CHALLENGES AND STRENGTHSBioethanol, a fuel that reduces CO\u2082 emissions by more than 73%Bioethanol is produced from sugar beets and cereals (wheat, corn). It is a renewable energy source. It follows a virtuous cycle. The CO\u2082 emitted during its combustion comes from the atmosphere, as it was captured by the plants during their growth. According to [&hellip;]<\/p>\n","protected":false},"author":1,"featured_media":0,"parent":0,"menu_order":0,"comment_status":"closed","ping_status":"closed","template":"","meta":{"_acf_changed":false,"_et_pb_use_builder":"on","_et_pb_old_content":"","_et_gb_content_width":"","footnotes":""},"class_list":["post-27584961","page","type-page","status-publish","hentry"],"acf":[],"yoast_head":"<!-- This site is optimized with the Yoast SEO plugin v25.8 - https:\/\/yoast.com\/wordpress\/plugins\/seo\/ -->\n<title>Challenges and strengths - Bio\u00e9thanol France<\/title>\n<meta name=\"robots\" content=\"index, follow, max-snippet:-1, max-image-preview:large, max-video-preview:-1\" \/>\n<link rel=\"canonical\" href=\"https:\/\/www.bioethanolfrance.fr\/en\/challenges-and-strengths\/\" \/>\n<meta property=\"og:locale\" content=\"en_US\" \/>\n<meta property=\"og:type\" content=\"article\" \/>\n<meta property=\"og:title\" content=\"Challenges and strengths - Bio\u00e9thanol France\" \/>\n<meta property=\"og:description\" content=\"CHALLENGES AND STRENGTHSBioethanol, a fuel that reduces CO\u2082 emissions by more than 73%Bioethanol is produced from sugar beets and cereals (wheat, corn). It is a renewable energy source. It follows a virtuous cycle. The CO\u2082 emitted during its combustion comes from the atmosphere, as it was captured by the plants during their growth. According to [&hellip;]\" \/>\n<meta property=\"og:url\" content=\"https:\/\/www.bioethanolfrance.fr\/en\/challenges-and-strengths\/\" \/>\n<meta property=\"og:site_name\" content=\"Bio\u00e9thanol France\" \/>\n<meta property=\"article:modified_time\" content=\"2025-11-27T12:12:37+00:00\" \/>\n<meta name=\"twitter:card\" content=\"summary_large_image\" \/>\n<meta name=\"twitter:label1\" content=\"Est. reading time\" \/>\n\t<meta name=\"twitter:data1\" content=\"8 minutes\" \/>\n<script type=\"application\/ld+json\" class=\"yoast-schema-graph\">{\"@context\":\"https:\/\/schema.org\",\"@graph\":[{\"@type\":\"WebPage\",\"@id\":\"https:\/\/www.bioethanolfrance.fr\/en\/challenges-and-strengths\/\",\"url\":\"https:\/\/www.bioethanolfrance.fr\/en\/challenges-and-strengths\/\",\"name\":\"Challenges and strengths - Bio\u00e9thanol France\",\"isPartOf\":{\"@id\":\"https:\/\/www.bioethanolfrance.fr\/en\/#website\"},\"datePublished\":\"2025-07-22T09:10:05+00:00\",\"dateModified\":\"2025-11-27T12:12:37+00:00\",\"breadcrumb\":{\"@id\":\"https:\/\/www.bioethanolfrance.fr\/en\/challenges-and-strengths\/#breadcrumb\"},\"inLanguage\":\"en-US\",\"potentialAction\":[{\"@type\":\"ReadAction\",\"target\":[\"https:\/\/www.bioethanolfrance.fr\/en\/challenges-and-strengths\/\"]}]},{\"@type\":\"BreadcrumbList\",\"@id\":\"https:\/\/www.bioethanolfrance.fr\/en\/challenges-and-strengths\/#breadcrumb\",\"itemListElement\":[{\"@type\":\"ListItem\",\"position\":1,\"name\":\"Accueil\",\"item\":\"https:\/\/www.bioethanolfrance.fr\/en\/harnessing-the-synergies-of-plant-based-resources\/\"},{\"@type\":\"ListItem\",\"position\":2,\"name\":\"Challenges and strengths\"}]},{\"@type\":\"WebSite\",\"@id\":\"https:\/\/www.bioethanolfrance.fr\/en\/#website\",\"url\":\"https:\/\/www.bioethanolfrance.fr\/en\/\",\"name\":\"Bio\u00e9thanol France\",\"description\":\"Activer les synergies du v\u00e9g\u00e9tal\",\"publisher\":{\"@id\":\"https:\/\/www.bioethanolfrance.fr\/en\/#organization\"},\"potentialAction\":[{\"@type\":\"SearchAction\",\"target\":{\"@type\":\"EntryPoint\",\"urlTemplate\":\"https:\/\/www.bioethanolfrance.fr\/en\/?s={search_term_string}\"},\"query-input\":{\"@type\":\"PropertyValueSpecification\",\"valueRequired\":true,\"valueName\":\"search_term_string\"}}],\"inLanguage\":\"en-US\"},{\"@type\":\"Organization\",\"@id\":\"https:\/\/www.bioethanolfrance.fr\/en\/#organization\",\"name\":\"Bio\u00e9thanol France\",\"url\":\"https:\/\/www.bioethanolfrance.fr\/en\/\",\"logo\":{\"@type\":\"ImageObject\",\"inLanguage\":\"en-US\",\"@id\":\"https:\/\/www.bioethanolfrance.fr\/en\/#\/schema\/logo\/image\/\",\"url\":\"https:\/\/www.bioethanolfrance.fr\/wp-content\/uploads\/2024\/11\/Logo-Bioethanol-France-1.svg\",\"contentUrl\":\"https:\/\/www.bioethanolfrance.fr\/wp-content\/uploads\/2024\/11\/Logo-Bioethanol-France-1.svg\",\"width\":\"1024\",\"height\":\"1024\",\"caption\":\"Bio\u00e9thanol France\"},\"image\":{\"@id\":\"https:\/\/www.bioethanolfrance.fr\/en\/#\/schema\/logo\/image\/\"}}]}<\/script>\n<!-- \/ Yoast SEO plugin. -->","yoast_head_json":{"title":"Challenges and strengths - Bio\u00e9thanol France","robots":{"index":"index","follow":"follow","max-snippet":"max-snippet:-1","max-image-preview":"max-image-preview:large","max-video-preview":"max-video-preview:-1"},"canonical":"https:\/\/www.bioethanolfrance.fr\/en\/challenges-and-strengths\/","og_locale":"en_US","og_type":"article","og_title":"Challenges and strengths - Bio\u00e9thanol France","og_description":"CHALLENGES AND STRENGTHSBioethanol, a fuel that reduces CO\u2082 emissions by more than 73%Bioethanol is produced from sugar beets and cereals (wheat, corn). It is a renewable energy source. It follows a virtuous cycle. The CO\u2082 emitted during its combustion comes from the atmosphere, as it was captured by the plants during their growth. According to [&hellip;]","og_url":"https:\/\/www.bioethanolfrance.fr\/en\/challenges-and-strengths\/","og_site_name":"Bio\u00e9thanol France","article_modified_time":"2025-11-27T12:12:37+00:00","twitter_card":"summary_large_image","twitter_misc":{"Est. reading time":"8 minutes"},"schema":{"@context":"https:\/\/schema.org","@graph":[{"@type":"WebPage","@id":"https:\/\/www.bioethanolfrance.fr\/en\/challenges-and-strengths\/","url":"https:\/\/www.bioethanolfrance.fr\/en\/challenges-and-strengths\/","name":"Challenges and strengths - Bio\u00e9thanol France","isPartOf":{"@id":"https:\/\/www.bioethanolfrance.fr\/en\/#website"},"datePublished":"2025-07-22T09:10:05+00:00","dateModified":"2025-11-27T12:12:37+00:00","breadcrumb":{"@id":"https:\/\/www.bioethanolfrance.fr\/en\/challenges-and-strengths\/#breadcrumb"},"inLanguage":"en-US","potentialAction":[{"@type":"ReadAction","target":["https:\/\/www.bioethanolfrance.fr\/en\/challenges-and-strengths\/"]}]},{"@type":"BreadcrumbList","@id":"https:\/\/www.bioethanolfrance.fr\/en\/challenges-and-strengths\/#breadcrumb","itemListElement":[{"@type":"ListItem","position":1,"name":"Accueil","item":"https:\/\/www.bioethanolfrance.fr\/en\/harnessing-the-synergies-of-plant-based-resources\/"},{"@type":"ListItem","position":2,"name":"Challenges and strengths"}]},{"@type":"WebSite","@id":"https:\/\/www.bioethanolfrance.fr\/en\/#website","url":"https:\/\/www.bioethanolfrance.fr\/en\/","name":"Bio\u00e9thanol France","description":"Activer les synergies du v\u00e9g\u00e9tal","publisher":{"@id":"https:\/\/www.bioethanolfrance.fr\/en\/#organization"},"potentialAction":[{"@type":"SearchAction","target":{"@type":"EntryPoint","urlTemplate":"https:\/\/www.bioethanolfrance.fr\/en\/?s={search_term_string}"},"query-input":{"@type":"PropertyValueSpecification","valueRequired":true,"valueName":"search_term_string"}}],"inLanguage":"en-US"},{"@type":"Organization","@id":"https:\/\/www.bioethanolfrance.fr\/en\/#organization","name":"Bio\u00e9thanol France","url":"https:\/\/www.bioethanolfrance.fr\/en\/","logo":{"@type":"ImageObject","inLanguage":"en-US","@id":"https:\/\/www.bioethanolfrance.fr\/en\/#\/schema\/logo\/image\/","url":"https:\/\/www.bioethanolfrance.fr\/wp-content\/uploads\/2024\/11\/Logo-Bioethanol-France-1.svg","contentUrl":"https:\/\/www.bioethanolfrance.fr\/wp-content\/uploads\/2024\/11\/Logo-Bioethanol-France-1.svg","width":"1024","height":"1024","caption":"Bio\u00e9thanol France"},"image":{"@id":"https:\/\/www.bioethanolfrance.fr\/en\/#\/schema\/logo\/image\/"}}]}},"_links":{"self":[{"href":"https:\/\/www.bioethanolfrance.fr\/en\/wp-json\/wp\/v2\/pages\/27584961","targetHints":{"allow":["GET"]}}],"collection":[{"href":"https:\/\/www.bioethanolfrance.fr\/en\/wp-json\/wp\/v2\/pages"}],"about":[{"href":"https:\/\/www.bioethanolfrance.fr\/en\/wp-json\/wp\/v2\/types\/page"}],"author":[{"embeddable":true,"href":"https:\/\/www.bioethanolfrance.fr\/en\/wp-json\/wp\/v2\/users\/1"}],"replies":[{"embeddable":true,"href":"https:\/\/www.bioethanolfrance.fr\/en\/wp-json\/wp\/v2\/comments?post=27584961"}],"version-history":[{"count":2,"href":"https:\/\/www.bioethanolfrance.fr\/en\/wp-json\/wp\/v2\/pages\/27584961\/revisions"}],"predecessor-version":[{"id":27584963,"href":"https:\/\/www.bioethanolfrance.fr\/en\/wp-json\/wp\/v2\/pages\/27584961\/revisions\/27584963"}],"wp:attachment":[{"href":"https:\/\/www.bioethanolfrance.fr\/en\/wp-json\/wp\/v2\/media?parent=27584961"}],"curies":[{"name":"wp","href":"https:\/\/api.w.org\/{rel}","templated":true}]}}