{"id":27584949,"date":"2025-07-24T10:23:58","date_gmt":"2025-07-24T10:23:58","guid":{"rendered":"https:\/\/www.bioethanolfrance.fr\/our-commitment-to-the-environment\/"},"modified":"2025-11-27T08:17:15","modified_gmt":"2025-11-27T08:17:15","slug":"our-commitment-to-the-environment","status":"publish","type":"page","link":"https:\/\/www.bioethanolfrance.fr\/en\/our-commitment-to-the-environment\/","title":{"rendered":"Our commitment to the environment"},"content":{"rendered":"<p>[et_pb_section fb_built=&#8221;1&#8243; admin_label=&#8221;Header&#8221; _builder_version=&#8221;4.27.4&#8243; _module_preset=&#8221;default&#8221; background_color=&#8221;#00E88C&#8221; background_enable_image=&#8221;off&#8221; parallax=&#8221;on&#8221; width=&#8221;100%&#8221; module_alignment=&#8221;center&#8221; min_height=&#8221;200px&#8221; min_height_tablet=&#8221;200px&#8221; min_height_phone=&#8221;200px&#8221; min_height_last_edited=&#8221;on|phone&#8221; custom_padding=&#8221;||||false|false&#8221; hover_enabled=&#8221;0&#8243; custom_css_main_element=&#8221;display: flex;&#8221; border_radii=&#8221;on|0px|0px|0px|0px&#8221; collapsed=&#8221;off&#8221; global_colors_info=&#8221;{}&#8221; sticky_enabled=&#8221;0&#8243;][et_pb_row _builder_version=&#8221;4.27.4&#8243; _module_preset=&#8221;default&#8221; custom_margin=&#8221;||0px||false|false&#8221; global_colors_info=&#8221;{}&#8221;][et_pb_column type=&#8221;4_4&#8243; _builder_version=&#8221;4.22.0&#8243; _module_preset=&#8221;default&#8221; global_colors_info=&#8221;{}&#8221;][et_pb_text module_class=&#8221;highlight-title&#8221; _builder_version=&#8221;4.27.4&#8243; _module_preset=&#8221;default&#8221; header_font=&#8221;&#8211;et_global_heading_font|700|||||||&#8221; header_text_align=&#8221;left&#8221; header_text_color=&#8221;#003A7A&#8221; header_font_size=&#8221;60px&#8221; hover_enabled=&#8221;0&#8243; header_text_align_tablet=&#8221;left&#8221; header_text_align_phone=&#8221;center&#8221; header_text_align_last_edited=&#8221;on|tablet&#8221; header_font_size_tablet=&#8221;40px&#8221; header_font_size_phone=&#8221;35px&#8221; header_font_size_last_edited=&#8221;on|desktop&#8221; global_colors_info=&#8221;{}&#8221; sticky_enabled=&#8221;0&#8243;]<\/p>\n<h1>OUR COMMITMENT<br \/>TO THE ENVIRONMENT<\/h1>\n<p>[\/et_pb_text][\/et_pb_column][\/et_pb_row][\/et_pb_section][et_pb_section fb_built=&#8221;1&#8243; admin_label=&#8221;About&#8221; _builder_version=&#8221;4.27.4&#8243; _module_preset=&#8221;default&#8221; collapsed=&#8221;off&#8221; global_colors_info=&#8221;{}&#8221;][et_pb_row column_structure=&#8221;1_2,1_2&#8243; _builder_version=&#8221;4.27.4&#8243; _module_preset=&#8221;default&#8221; global_colors_info=&#8221;{}&#8221;][et_pb_column type=&#8221;1_2&#8243; _builder_version=&#8221;4.22.0&#8243; _module_preset=&#8221;default&#8221; global_colors_info=&#8221;{}&#8221;][et_pb_text admin_label=&#8221;Favoriser un mod\u00e8le agricole, industriel et \u00e9nerg\u00e9tique plus durable&#8221; _builder_version=&#8221;4.27.4&#8243; _module_preset=&#8221;11e2b386-4402-4d36-87c2-9ef94ce1fdba&#8221; text_font=&#8221;GOTHAM-BOLD|800|||||||&#8221; text_text_color=&#8221;#003A7A&#8221; text_font_size=&#8221;32px&#8221; header_font=&#8221;|700|||||||&#8221; header_2_font=&#8221;GOTHAM-BOLD|700|||||||&#8221; header_2_text_color=&#8221;#003A7A&#8221; header_2_font_size=&#8221;38px&#8221; header_font_tablet=&#8221;|700|||||||&#8221; header_font_phone=&#8221;|700|||||||&#8221; header_font_last_edited=&#8221;on|phone&#8221; header_2_font_size_phone=&#8221;32px&#8221; global_colors_info=&#8221;{}&#8221;]<\/p>\n<h2>Promoting a more sustainable agricultural, industrial, and energy model<\/h2>\n<p>[\/et_pb_text][et_pb_text admin_label=&#8221;Description&#8221; _builder_version=&#8221;4.27.4&#8243; _module_preset=&#8221;default&#8221; text_text_color=&#8221;#474747&#8243; global_colors_info=&#8221;{}&#8221;]<\/p>\n<p>French agricultural alcohol and bioethanol producers fully contribute to developing the local economy by improving its environmental footprint and ensuring the complete valorization of the biomass used.<\/p>\n<p>[\/et_pb_text][\/et_pb_column][et_pb_column type=&#8221;1_2&#8243; _builder_version=&#8221;4.22.0&#8243; _module_preset=&#8221;default&#8221; global_colors_info=&#8221;{}&#8221;][et_pb_image src=&#8221;https:\/\/www.bioethanolfrance.fr\/wp-content\/uploads\/2025\/07\/Artboard-1Bioethanol-France-Synergie-Vegetal.jpg&#8221; title_text=&#8221;Artboard 1Bioethanol-France-Synergie-Vegetal&#8221; align=&#8221;center&#8221; _builder_version=&#8221;4.27.4&#8243; _module_preset=&#8221;default&#8221; max_width=&#8221;500px&#8221; global_colors_info=&#8221;{}&#8221;][\/et_pb_image][\/et_pb_column][\/et_pb_row][et_pb_row column_structure=&#8221;1_2,1_2&#8243; _builder_version=&#8221;4.27.4&#8243; _module_preset=&#8221;default&#8221; global_colors_info=&#8221;{}&#8221;][et_pb_column type=&#8221;1_2&#8243; _builder_version=&#8221;4.27.4&#8243; _module_preset=&#8221;default&#8221; global_colors_info=&#8221;{}&#8221;][et_pb_text admin_label=&#8221;Une fili\u00e8re engag\u00e9e \u00e0 toutes les \u00e9tapes&#8221; _builder_version=&#8221;4.27.4&#8243; _module_preset=&#8221;default&#8221; text_font=&#8221;|&#8211;et_global_body_font_weight|||||||&#8221; text_text_color=&#8221;#474747&#8243; header_font=&#8221;|700|||||||&#8221; header_2_font=&#8221;|700|||||||&#8221; header_2_text_align=&#8221;left&#8221; header_2_font_size=&#8221;32px&#8221; custom_padding=&#8221;||||false|false&#8221; text_letter_spacing_tablet=&#8221;&#8221; text_letter_spacing_phone=&#8221;&#8221; text_letter_spacing_last_edited=&#8221;on|desktop&#8221; global_colors_info=&#8221;{}&#8221;]<\/p>\n<h2>A sector committed at every stage<\/h2>\n<p>[\/et_pb_text][et_pb_text admin_label=&#8221;Description&#8221; _builder_version=&#8221;4.27.4&#8243; _module_preset=&#8221;default&#8221; text_font=&#8221;|&#8211;et_global_body_font_weight|||||||&#8221; text_text_color=&#8221;#474747&#8243; header_font=&#8221;|700|||||||&#8221; header_2_font=&#8221;|700|||||||&#8221; header_2_font_size=&#8221;32px&#8221; header_4_text_color=&#8221;#003A7A&#8221; custom_padding=&#8221;||||false|false&#8221; text_letter_spacing_tablet=&#8221;&#8221; text_letter_spacing_phone=&#8221;&#8221; text_letter_spacing_last_edited=&#8221;on|desktop&#8221; global_colors_info=&#8221;{}&#8221;]<\/p>\n<p><strong>Local origin and traceability: <\/strong> French agricultural alcohol and bioethanol come from locally grown crops. They are produced from beets, cereals, and sugar or starch residues.<\/p>\n<p><strong>Carbon footprint reduction: <\/strong>bioethanol production saves 400,000 tonnes of oil per year and helps reduce our energy dependence.<\/p>\n<p><\/p>\n<p><strong>Circular economy : <\/strong>co-products (beet pulp and cereal distillers\u2019 grains, rich in high-nutritional-value proteins) are used for animal feed. The alcoholic fermentation of sugars produces as much biogenic CO\u2082 as the ethanol itself. This CO\u2082 is already partly captured and used in carbonated beverages. Il pourra servir demain \u00e0 la production d\u2019e-fuels pour l\u2019aviation notamment.<\/p>\n<p><strong>Local presence and employment:<\/strong> the bioethanol production sector generates 8,900 direct, indirect, and induced jobs in France.<\/p>\n<p>[\/et_pb_text][\/et_pb_column][et_pb_column type=&#8221;1_2&#8243; _builder_version=&#8221;4.27.4&#8243; _module_preset=&#8221;default&#8221; global_colors_info=&#8221;{}&#8221;][dipi_image_gallery main_autoplay=&#8221;on&#8221; _builder_version=&#8221;4.27.4&#8243; _module_preset=&#8221;default&#8221; global_colors_info=&#8221;{}&#8221;][dipi_image_gallery_child item_image=&#8221;https:\/\/www.bioethanolfrance.fr\/wp-content\/uploads\/2025\/07\/Bioethanol-France-Matieres-Premieres-locales.jpg&#8221; _builder_version=&#8221;4.27.4&#8243; _module_preset=&#8221;default&#8221; global_colors_info=&#8221;{}&#8221;][\/dipi_image_gallery_child][dipi_image_gallery_child item_image=&#8221;https:\/\/www.bioethanolfrance.fr\/wp-content\/uploads\/2025\/07\/Bioethanol-France-Reduction-CO2.jpg&#8221; _builder_version=&#8221;4.27.4&#8243; _module_preset=&#8221;default&#8221; global_colors_info=&#8221;{}&#8221;][\/dipi_image_gallery_child][dipi_image_gallery_child item_image=&#8221;https:\/\/www.bioethanolfrance.fr\/wp-content\/uploads\/2025\/07\/dreche-ble-ethanol-vache.jpg&#8221; _builder_version=&#8221;4.27.4&#8243; _module_preset=&#8221;default&#8221; global_colors_info=&#8221;{}&#8221;][\/dipi_image_gallery_child][dipi_image_gallery_child item_image=&#8221;https:\/\/www.bioethanolfrance.fr\/wp-content\/uploads\/2025\/07\/boissons-gazeuses2.jpg&#8221; _builder_version=&#8221;4.27.4&#8243; _module_preset=&#8221;default&#8221; global_colors_info=&#8221;{}&#8221;][\/dipi_image_gallery_child][\/dipi_image_gallery][\/et_pb_column][\/et_pb_row][et_pb_row column_structure=&#8221;1_2,1_2&#8243; _builder_version=&#8221;4.27.4&#8243; _module_preset=&#8221;default&#8221; global_colors_info=&#8221;{}&#8221;][et_pb_column type=&#8221;1_2&#8243; _builder_version=&#8221;4.27.4&#8243; _module_preset=&#8221;default&#8221; global_colors_info=&#8221;{}&#8221;][et_pb_text admin_label=&#8221;Le Super\u00e9thanol-E85 : une solution RSE pour les transports et les entreprises&#8221; _builder_version=&#8221;4.27.4&#8243; _module_preset=&#8221;default&#8221; text_font=&#8221;|&#8211;et_global_body_font_weight|||||||&#8221; text_text_color=&#8221;#474747&#8243; header_font=&#8221;|700|||||||&#8221; header_2_font=&#8221;|700|||||||&#8221; header_2_text_align=&#8221;left&#8221; header_2_font_size=&#8221;32px&#8221; custom_padding=&#8221;||||false|false&#8221; text_letter_spacing_tablet=&#8221;&#8221; text_letter_spacing_phone=&#8221;&#8221; text_letter_spacing_last_edited=&#8221;on|desktop&#8221; global_colors_info=&#8221;{}&#8221;]<\/p>\n<h2>Superethanol-E85: an ESG-friendly solution for transport and businesses<\/h2>\n<p>[\/et_pb_text][et_pb_text admin_label=&#8221;Description&#8221; _builder_version=&#8221;4.27.4&#8243; _module_preset=&#8221;default&#8221; text_font=&#8221;|&#8211;et_global_body_font_weight|||||||&#8221; text_text_color=&#8221;#474747&#8243; header_font=&#8221;|700|||||||&#8221; header_2_font=&#8221;|700|||||||&#8221; header_2_font_size=&#8221;32px&#8221; header_4_text_color=&#8221;#003A7A&#8221; custom_padding=&#8221;||||false|false&#8221; text_letter_spacing_tablet=&#8221;&#8221; text_letter_spacing_phone=&#8221;&#8221; text_letter_spacing_last_edited=&#8221;on|desktop&#8221; global_colors_info=&#8221;{}&#8221;]<\/p>\n<p>Superethanol-E85, a renewable fuel made of 60% to 85% bioethanol, is fully aligned with an ESG approach accessible to all mobility stakeholders.<\/p>\n<p><strong>Cleaner mobility \u2013 <\/strong>E85 helps reduce CO\u2082 emissions by up to 50% and fine particle emissions by 90% compared to conventional fossil fuels. It helps improve air quality and combat climate change.<\/p>\n<p><strong>Purchasing power and accessibility &#8211; <\/strong>thanks to its significantly lower pump price compared to gasoline, Superethanol-E85 helps reduce fuel expenses, making the energy transition more affordable and equitable.<\/p>\n<p><strong>A solution for company fleets &#8211;<\/strong> businesses can integrate E85 into their ESG and sustainable mobility policies. Thanks to approved conversion kits, they can reduce the CO\u2082 impact of their existing fleet at a low cost, without waiting for a full vehicle renewal.<\/p>\n<p><strong>Supporting French energy \u2013<\/strong> choosing E85 means supporting the French bioethanol industry, which produces fuel from 100% French renewable resources, and contributing to national commitments to decarbonize transport.<\/p>\n<p>[\/et_pb_text][\/et_pb_column][et_pb_column type=&#8221;1_2&#8243; _builder_version=&#8221;4.27.4&#8243; _module_preset=&#8221;default&#8221; global_colors_info=&#8221;{}&#8221;][dipi_image_gallery main_autoplay=&#8221;on&#8221; _builder_version=&#8221;4.27.4&#8243; _module_preset=&#8221;default&#8221; global_colors_info=&#8221;{}&#8221;][dipi_image_gallery_child item_image=&#8221;https:\/\/www.bioethanolfrance.fr\/wp-content\/uploads\/2025\/07\/Bioethanol-France-Superethanol-E85.jpg&#8221; _builder_version=&#8221;4.27.4&#8243; _module_preset=&#8221;default&#8221; global_colors_info=&#8221;{}&#8221;][\/dipi_image_gallery_child][dipi_image_gallery_child item_image=&#8221;https:\/\/www.bioethanolfrance.fr\/wp-content\/uploads\/2025\/07\/Bioethanol-France-E10-Performance.jpg&#8221; _builder_version=&#8221;4.27.4&#8243; _module_preset=&#8221;default&#8221; global_colors_info=&#8221;{}&#8221;][\/dipi_image_gallery_child][dipi_image_gallery_child item_image=&#8221;https:\/\/www.bioethanolfrance.fr\/wp-content\/uploads\/2025\/07\/Artboard-1Bioethanol-France-E85-Economie-Pouvoir-Achat-scaled.jpg&#8221; _builder_version=&#8221;4.27.4&#8243; _module_preset=&#8221;default&#8221; global_colors_info=&#8221;{}&#8221;][\/dipi_image_gallery_child][dipi_image_gallery_child item_image=&#8221;https:\/\/www.bioethanolfrance.fr\/wp-content\/uploads\/2025\/07\/Flotte-Entreprise.jpg&#8221; _builder_version=&#8221;4.27.4&#8243; _module_preset=&#8221;default&#8221; global_colors_info=&#8221;{}&#8221;][\/dipi_image_gallery_child][dipi_image_gallery_child item_image=&#8221;https:\/\/www.bioethanolfrance.fr\/wp-content\/uploads\/2025\/07\/Bioethanol-France-Fabrication-Francaise-72.jpg&#8221; _builder_version=&#8221;4.27.4&#8243; _module_preset=&#8221;default&#8221; global_colors_info=&#8221;{}&#8221;][\/dipi_image_gallery_child][\/dipi_image_gallery][\/et_pb_column][\/et_pb_row][\/et_pb_section]<\/p>\n","protected":false},"excerpt":{"rendered":"<p>OUR COMMITMENTTO THE ENVIRONMENTPromoting a more sustainable agricultural, industrial, and energy modelFrench agricultural alcohol and bioethanol producers fully contribute to developing the local economy by improving its environmental footprint and ensuring the complete valorization of the biomass used.A sector committed at every stageLocal origin and traceability: French agricultural alcohol and bioethanol come from locally grown [&hellip;]<\/p>\n","protected":false},"author":1,"featured_media":0,"parent":0,"menu_order":0,"comment_status":"closed","ping_status":"closed","template":"","meta":{"_acf_changed":false,"_et_pb_use_builder":"on","_et_pb_old_content":"","_et_gb_content_width":"","footnotes":""},"class_list":["post-27584949","page","type-page","status-publish","hentry"],"acf":[],"yoast_head":"<!-- This site is optimized with the Yoast SEO plugin v25.8 - https:\/\/yoast.com\/wordpress\/plugins\/seo\/ -->\n<title>Our commitment to the environment - Bio\u00e9thanol France<\/title>\n<meta name=\"robots\" content=\"index, follow, max-snippet:-1, max-image-preview:large, max-video-preview:-1\" \/>\n<link rel=\"canonical\" href=\"https:\/\/www.bioethanolfrance.fr\/en\/our-commitment-to-the-environment\/\" \/>\n<meta property=\"og:locale\" content=\"en_US\" \/>\n<meta property=\"og:type\" content=\"article\" \/>\n<meta property=\"og:title\" content=\"Our commitment to the environment - Bio\u00e9thanol France\" \/>\n<meta property=\"og:description\" content=\"OUR COMMITMENTTO THE ENVIRONMENTPromoting a more sustainable agricultural, industrial, and energy modelFrench agricultural alcohol and bioethanol producers fully contribute to developing the local economy by improving its environmental footprint and ensuring the complete valorization of the biomass used.A sector committed at every stageLocal origin and traceability: French agricultural alcohol and bioethanol come from locally grown [&hellip;]\" \/>\n<meta property=\"og:url\" content=\"https:\/\/www.bioethanolfrance.fr\/en\/our-commitment-to-the-environment\/\" \/>\n<meta property=\"og:site_name\" content=\"Bio\u00e9thanol France\" \/>\n<meta property=\"article:modified_time\" content=\"2025-11-27T08:17:15+00:00\" \/>\n<meta name=\"twitter:card\" content=\"summary_large_image\" \/>\n<meta name=\"twitter:label1\" content=\"Est. reading time\" \/>\n\t<meta name=\"twitter:data1\" content=\"7 minutes\" \/>\n<script type=\"application\/ld+json\" class=\"yoast-schema-graph\">{\"@context\":\"https:\/\/schema.org\",\"@graph\":[{\"@type\":\"WebPage\",\"@id\":\"https:\/\/www.bioethanolfrance.fr\/en\/our-commitment-to-the-environment\/\",\"url\":\"https:\/\/www.bioethanolfrance.fr\/en\/our-commitment-to-the-environment\/\",\"name\":\"Our commitment to the environment - Bio\u00e9thanol France\",\"isPartOf\":{\"@id\":\"https:\/\/www.bioethanolfrance.fr\/en\/#website\"},\"datePublished\":\"2025-07-24T10:23:58+00:00\",\"dateModified\":\"2025-11-27T08:17:15+00:00\",\"breadcrumb\":{\"@id\":\"https:\/\/www.bioethanolfrance.fr\/en\/our-commitment-to-the-environment\/#breadcrumb\"},\"inLanguage\":\"en-US\",\"potentialAction\":[{\"@type\":\"ReadAction\",\"target\":[\"https:\/\/www.bioethanolfrance.fr\/en\/our-commitment-to-the-environment\/\"]}]},{\"@type\":\"BreadcrumbList\",\"@id\":\"https:\/\/www.bioethanolfrance.fr\/en\/our-commitment-to-the-environment\/#breadcrumb\",\"itemListElement\":[{\"@type\":\"ListItem\",\"position\":1,\"name\":\"Accueil\",\"item\":\"https:\/\/www.bioethanolfrance.fr\/en\/harnessing-the-synergies-of-plant-based-resources\/\"},{\"@type\":\"ListItem\",\"position\":2,\"name\":\"Our commitment to the environment\"}]},{\"@type\":\"WebSite\",\"@id\":\"https:\/\/www.bioethanolfrance.fr\/en\/#website\",\"url\":\"https:\/\/www.bioethanolfrance.fr\/en\/\",\"name\":\"Bio\u00e9thanol France\",\"description\":\"Activer les synergies du v\u00e9g\u00e9tal\",\"publisher\":{\"@id\":\"https:\/\/www.bioethanolfrance.fr\/en\/#organization\"},\"potentialAction\":[{\"@type\":\"SearchAction\",\"target\":{\"@type\":\"EntryPoint\",\"urlTemplate\":\"https:\/\/www.bioethanolfrance.fr\/en\/?s={search_term_string}\"},\"query-input\":{\"@type\":\"PropertyValueSpecification\",\"valueRequired\":true,\"valueName\":\"search_term_string\"}}],\"inLanguage\":\"en-US\"},{\"@type\":\"Organization\",\"@id\":\"https:\/\/www.bioethanolfrance.fr\/en\/#organization\",\"name\":\"Bio\u00e9thanol France\",\"url\":\"https:\/\/www.bioethanolfrance.fr\/en\/\",\"logo\":{\"@type\":\"ImageObject\",\"inLanguage\":\"en-US\",\"@id\":\"https:\/\/www.bioethanolfrance.fr\/en\/#\/schema\/logo\/image\/\",\"url\":\"https:\/\/www.bioethanolfrance.fr\/wp-content\/uploads\/2024\/11\/Logo-Bioethanol-France-1.svg\",\"contentUrl\":\"https:\/\/www.bioethanolfrance.fr\/wp-content\/uploads\/2024\/11\/Logo-Bioethanol-France-1.svg\",\"width\":\"1024\",\"height\":\"1024\",\"caption\":\"Bio\u00e9thanol France\"},\"image\":{\"@id\":\"https:\/\/www.bioethanolfrance.fr\/en\/#\/schema\/logo\/image\/\"}}]}<\/script>\n<!-- \/ Yoast SEO plugin. -->","yoast_head_json":{"title":"Our commitment to the environment - Bio\u00e9thanol France","robots":{"index":"index","follow":"follow","max-snippet":"max-snippet:-1","max-image-preview":"max-image-preview:large","max-video-preview":"max-video-preview:-1"},"canonical":"https:\/\/www.bioethanolfrance.fr\/en\/our-commitment-to-the-environment\/","og_locale":"en_US","og_type":"article","og_title":"Our commitment to the environment - Bio\u00e9thanol France","og_description":"OUR COMMITMENTTO THE ENVIRONMENTPromoting a more sustainable agricultural, industrial, and energy modelFrench agricultural alcohol and bioethanol producers fully contribute to developing the local economy by improving its environmental footprint and ensuring the complete valorization of the biomass used.A sector committed at every stageLocal origin and traceability: French agricultural alcohol and bioethanol come from locally grown [&hellip;]","og_url":"https:\/\/www.bioethanolfrance.fr\/en\/our-commitment-to-the-environment\/","og_site_name":"Bio\u00e9thanol France","article_modified_time":"2025-11-27T08:17:15+00:00","twitter_card":"summary_large_image","twitter_misc":{"Est. reading time":"7 minutes"},"schema":{"@context":"https:\/\/schema.org","@graph":[{"@type":"WebPage","@id":"https:\/\/www.bioethanolfrance.fr\/en\/our-commitment-to-the-environment\/","url":"https:\/\/www.bioethanolfrance.fr\/en\/our-commitment-to-the-environment\/","name":"Our commitment to the environment - Bio\u00e9thanol France","isPartOf":{"@id":"https:\/\/www.bioethanolfrance.fr\/en\/#website"},"datePublished":"2025-07-24T10:23:58+00:00","dateModified":"2025-11-27T08:17:15+00:00","breadcrumb":{"@id":"https:\/\/www.bioethanolfrance.fr\/en\/our-commitment-to-the-environment\/#breadcrumb"},"inLanguage":"en-US","potentialAction":[{"@type":"ReadAction","target":["https:\/\/www.bioethanolfrance.fr\/en\/our-commitment-to-the-environment\/"]}]},{"@type":"BreadcrumbList","@id":"https:\/\/www.bioethanolfrance.fr\/en\/our-commitment-to-the-environment\/#breadcrumb","itemListElement":[{"@type":"ListItem","position":1,"name":"Accueil","item":"https:\/\/www.bioethanolfrance.fr\/en\/harnessing-the-synergies-of-plant-based-resources\/"},{"@type":"ListItem","position":2,"name":"Our commitment to the environment"}]},{"@type":"WebSite","@id":"https:\/\/www.bioethanolfrance.fr\/en\/#website","url":"https:\/\/www.bioethanolfrance.fr\/en\/","name":"Bio\u00e9thanol France","description":"Activer les synergies du v\u00e9g\u00e9tal","publisher":{"@id":"https:\/\/www.bioethanolfrance.fr\/en\/#organization"},"potentialAction":[{"@type":"SearchAction","target":{"@type":"EntryPoint","urlTemplate":"https:\/\/www.bioethanolfrance.fr\/en\/?s={search_term_string}"},"query-input":{"@type":"PropertyValueSpecification","valueRequired":true,"valueName":"search_term_string"}}],"inLanguage":"en-US"},{"@type":"Organization","@id":"https:\/\/www.bioethanolfrance.fr\/en\/#organization","name":"Bio\u00e9thanol France","url":"https:\/\/www.bioethanolfrance.fr\/en\/","logo":{"@type":"ImageObject","inLanguage":"en-US","@id":"https:\/\/www.bioethanolfrance.fr\/en\/#\/schema\/logo\/image\/","url":"https:\/\/www.bioethanolfrance.fr\/wp-content\/uploads\/2024\/11\/Logo-Bioethanol-France-1.svg","contentUrl":"https:\/\/www.bioethanolfrance.fr\/wp-content\/uploads\/2024\/11\/Logo-Bioethanol-France-1.svg","width":"1024","height":"1024","caption":"Bio\u00e9thanol France"},"image":{"@id":"https:\/\/www.bioethanolfrance.fr\/en\/#\/schema\/logo\/image\/"}}]}},"_links":{"self":[{"href":"https:\/\/www.bioethanolfrance.fr\/en\/wp-json\/wp\/v2\/pages\/27584949","targetHints":{"allow":["GET"]}}],"collection":[{"href":"https:\/\/www.bioethanolfrance.fr\/en\/wp-json\/wp\/v2\/pages"}],"about":[{"href":"https:\/\/www.bioethanolfrance.fr\/en\/wp-json\/wp\/v2\/types\/page"}],"author":[{"embeddable":true,"href":"https:\/\/www.bioethanolfrance.fr\/en\/wp-json\/wp\/v2\/users\/1"}],"replies":[{"embeddable":true,"href":"https:\/\/www.bioethanolfrance.fr\/en\/wp-json\/wp\/v2\/comments?post=27584949"}],"version-history":[{"count":2,"href":"https:\/\/www.bioethanolfrance.fr\/en\/wp-json\/wp\/v2\/pages\/27584949\/revisions"}],"predecessor-version":[{"id":27584951,"href":"https:\/\/www.bioethanolfrance.fr\/en\/wp-json\/wp\/v2\/pages\/27584949\/revisions\/27584951"}],"wp:attachment":[{"href":"https:\/\/www.bioethanolfrance.fr\/en\/wp-json\/wp\/v2\/media?parent=27584949"}],"curies":[{"name":"wp","href":"https:\/\/api.w.org\/{rel}","templated":true}]}}