{"id":27584943,"date":"2025-07-24T08:27:37","date_gmt":"2025-07-24T08:27:37","guid":{"rendered":"https:\/\/www.bioethanolfrance.fr\/the-future-100-renewable-superethanol-e85\/"},"modified":"2025-11-26T16:36:29","modified_gmt":"2025-11-26T16:36:29","slug":"the-future-100-renewable-superethanol-e85","status":"publish","type":"page","link":"https:\/\/www.bioethanolfrance.fr\/en\/the-future-100-renewable-superethanol-e85\/","title":{"rendered":"The Future 100% Renewable Superethanol-E85"},"content":{"rendered":"<p>[et_pb_section fb_built=&#8221;1&#8243; admin_label=&#8221;Header&#8221; _builder_version=&#8221;4.27.4&#8243; _module_preset=&#8221;default&#8221; background_color=&#8221;#025d9e&#8221; background_enable_image=&#8221;off&#8221; parallax=&#8221;on&#8221; width=&#8221;100%&#8221; module_alignment=&#8221;center&#8221; min_height=&#8221;200px&#8221; min_height_tablet=&#8221;200px&#8221; min_height_phone=&#8221;200px&#8221; min_height_last_edited=&#8221;on|phone&#8221; custom_padding=&#8221;||||false|false&#8221; custom_css_main_element=&#8221;display: flex;&#8221; border_radii=&#8221;on|0px|0px|0px|0px&#8221; collapsed=&#8221;off&#8221; global_colors_info=&#8221;{}&#8221;][et_pb_row _builder_version=&#8221;4.27.4&#8243; _module_preset=&#8221;default&#8221; custom_margin=&#8221;||0px||false|false&#8221; global_colors_info=&#8221;{}&#8221;][et_pb_column type=&#8221;4_4&#8243; _builder_version=&#8221;4.22.0&#8243; _module_preset=&#8221;default&#8221; global_colors_info=&#8221;{}&#8221;][et_pb_text module_class=&#8221;highlight-title&#8221; _builder_version=&#8221;4.27.4&#8243; _module_preset=&#8221;default&#8221; header_font=&#8221;&#8211;et_global_heading_font|700|||||||&#8221; header_text_align=&#8221;left&#8221; header_text_color=&#8221;#FFFFFF&#8221; header_font_size=&#8221;60px&#8221; header_text_align_tablet=&#8221;left&#8221; header_text_align_phone=&#8221;center&#8221; header_text_align_last_edited=&#8221;on|tablet&#8221; header_font_size_tablet=&#8221;40px&#8221; header_font_size_phone=&#8221;35px&#8221; header_font_size_last_edited=&#8221;on|desktop&#8221; global_colors_info=&#8221;{}&#8221;]<\/p>\n<h1>THE FUTURE SUPERETHANOL-E85<br \/>100% RENEWABLE<\/h1>\n<p>[\/et_pb_text][\/et_pb_column][\/et_pb_row][\/et_pb_section][et_pb_section fb_built=&#8221;1&#8243; admin_label=&#8221;About&#8221; _builder_version=&#8221;4.27.4&#8243; _module_preset=&#8221;default&#8221; collapsed=&#8221;off&#8221; global_colors_info=&#8221;{}&#8221;][et_pb_row column_structure=&#8221;1_2,1_2&#8243; _builder_version=&#8221;4.27.4&#8243; _module_preset=&#8221;default&#8221; global_colors_info=&#8221;{}&#8221;][et_pb_column type=&#8221;1_2&#8243; _builder_version=&#8221;4.22.0&#8243; _module_preset=&#8221;default&#8221; global_colors_info=&#8221;{}&#8221;][et_pb_text admin_label=&#8221;Une alternative \u00e9cologique aux carburants traditionnels&#8221; _builder_version=&#8221;4.27.4&#8243; _module_preset=&#8221;11e2b386-4402-4d36-87c2-9ef94ce1fdba&#8221; text_font=&#8221;GOTHAM-BOLD|800|||||||&#8221; text_text_color=&#8221;#003A7A&#8221; text_font_size=&#8221;32px&#8221; header_font=&#8221;|700|||||||&#8221; header_2_font=&#8221;GOTHAM-BOLD|700|||||||&#8221; header_2_text_color=&#8221;#003A7A&#8221; header_2_font_size=&#8221;38px&#8221; header_font_tablet=&#8221;|700|||||||&#8221; header_font_phone=&#8221;|700|||||||&#8221; header_font_last_edited=&#8221;on|phone&#8221; header_2_font_size_phone=&#8221;32px&#8221; global_colors_info=&#8221;{}&#8221;]<\/p>\n<h2>An eco-friendly alternative to traditional fuels<\/h2>\n<p>[\/et_pb_text][et_pb_text admin_label=&#8221;Description&#8221; _builder_version=&#8221;4.27.4&#8243; _module_preset=&#8221;default&#8221; text_text_color=&#8221;#474747&#8243; global_colors_info=&#8221;{}&#8221;]<\/p>\n<p>Current Superethanol-E85 is a fuel made from bioethanol and gasoline. By regulation, it contains between 60% and 85% bioethanol, with the remainder being fossil gasoline. <\/p>\n<p>With the development of sustainable aviation fuels (SAF), it is now possible to produce a<strong>100% renewable Superethanol-E85<\/strong>, by replacing the fossil gasoline portion with renewable gasoline, which is a co-product of SAF production.<\/p>\n<p><strong>This 100% renewable fuel<\/strong> will offer an eco-friendly alternative to traditional fuels, helping reduce CO\u2082 emissions and air pollutants.<\/p>\n<p>[\/et_pb_text][\/et_pb_column][et_pb_column type=&#8221;1_2&#8243; _builder_version=&#8221;4.22.0&#8243; _module_preset=&#8221;default&#8221; global_colors_info=&#8221;{}&#8221;][et_pb_image src=&#8221;https:\/\/www.bioethanolfrance.fr\/wp-content\/uploads\/2025\/07\/Futur-E85-Renouvelable.jpg&#8221; title_text=&#8221;Futur-E85-Renouvelable&#8221; show_in_lightbox=&#8221;on&#8221; _builder_version=&#8221;4.27.4&#8243; _dynamic_attributes=&#8221;url&#8221; _module_preset=&#8221;default&#8221; border_radii=&#8221;off|20px|20px|20px|20px&#8221; global_colors_info=&#8221;{}&#8221;][\/et_pb_image][\/et_pb_column][\/et_pb_row][et_pb_row _builder_version=&#8221;4.27.4&#8243; _module_preset=&#8221;default&#8221; global_colors_info=&#8221;{}&#8221;][et_pb_column type=&#8221;4_4&#8243; _builder_version=&#8221;4.27.4&#8243; _module_preset=&#8221;default&#8221; global_colors_info=&#8221;{}&#8221;][et_pb_text admin_label=&#8221;\u00c9tude de l&#8217;IFPEN sur le Super\u00e9thanol-E85 100% renouvelable&#8221; _builder_version=&#8221;4.27.4&#8243; _module_preset=&#8221;default&#8221; text_font=&#8221;|&#8211;et_global_body_font_weight|||||||&#8221; text_text_color=&#8221;#474747&#8243; header_font=&#8221;|700|||||||&#8221; header_2_font=&#8221;|700|||||||&#8221; header_2_text_align=&#8221;left&#8221; header_2_font_size=&#8221;32px&#8221; custom_padding=&#8221;||||false|false&#8221; text_letter_spacing_tablet=&#8221;&#8221; text_letter_spacing_phone=&#8221;&#8221; text_letter_spacing_last_edited=&#8221;on|desktop&#8221; global_colors_info=&#8221;{}&#8221;]<\/p>\n<h2>The two IFPEN studies on 100% renewable Superethanol-E85<\/h2>\n<p>[\/et_pb_text][\/et_pb_column][\/et_pb_row][et_pb_row column_structure=&#8221;1_2,1_2&#8243; _builder_version=&#8221;4.27.4&#8243; _module_preset=&#8221;default&#8221; global_colors_info=&#8221;{}&#8221;][et_pb_column type=&#8221;1_2&#8243; _builder_version=&#8221;4.27.4&#8243; _module_preset=&#8221;default&#8221; global_colors_info=&#8221;{}&#8221;][et_pb_text admin_label=&#8221;Description&#8221; _builder_version=&#8221;4.27.4&#8243; _module_preset=&#8221;default&#8221; text_font=&#8221;|&#8211;et_global_body_font_weight|||||||&#8221; text_text_color=&#8221;#474747&#8243; header_font=&#8221;|700|||||||&#8221; header_2_font=&#8221;|700|||||||&#8221; header_2_font_size=&#8221;32px&#8221; header_4_text_color=&#8221;#00E88C&#8221; custom_padding=&#8221;||||false|false&#8221; hover_enabled=&#8221;0&#8243; text_letter_spacing_tablet=&#8221;&#8221; text_letter_spacing_phone=&#8221;&#8221; text_letter_spacing_last_edited=&#8221;on|desktop&#8221; global_colors_info=&#8221;{}&#8221; sticky_enabled=&#8221;0&#8243;]<\/p>\n<h4><strong>1) Study on the CO\u2082 balance in a life-cycle analysis<\/strong><\/h4>\n<p>This study showed that for a C-segment vehicle, an E85 PHEV driving 60% of its kilometers in thermal mode is just as good for the climate as an electric vehicle with a 60 kWh battery using the French electricity mix. At the European level, the E85 PHEV is even better for the climate due to the higher carbon intensity of the European electricity mix. These findings hold true with both 2022 parameters and those projected for 2040, taking into account the expected progress.<\/p>\n<p>This 100% renewable Superethanol-E85 fuel already exists in California, where it accounted for one-third of all Superethanol-E85 volumes sold in 2022.<\/p>\n<p>Thus, 100% renewable Superethanol-E85 positions itself as a viable solution for decarbonizing the transport sector both today and after 2035, offering environmental performance comparable to that of fully electric vehicles.<\/p>\n<h4><strong>2) Study on pollutant emissions<\/strong><\/h4>\n<p>This study, conducted by the French Institute of Petroleum and New Energies (IFPEN), evaluated the environmental and technical performance of three types of 100% renewable Superethanol-E85. These fuels were tested in a commercial flex-E85 vehicle by replacing the fossil gasoline portion with three different renewable gasolines, two of which are derived from SAF production (bionaphtha and e-naphtha). <\/p>\n<p>The study results indicate that these 100% renewable blends meet the requirements of the upcoming Euro 7 standard, scheduled for late 2026.<\/p>\n<p>[\/et_pb_text][et_pb_button button_url=&#8221;https:\/\/www.bioethanolfrance.fr\/wp-content\/uploads\/2025\/08\/Rapport_Etude-IFPEN-ACV-PHEV-E85-2022-2030-2040-2.pdf&#8221; url_new_window=&#8221;on&#8221; button_text=&#8221;IFPEN 2022 Study (PDF)&#8221; _builder_version=&#8221;4.27.4&#8243; _module_preset=&#8221;default&#8221; global_colors_info=&#8221;{}&#8221;][\/et_pb_button][et_pb_button button_url=&#8221;https:\/\/www.bioethanolfrance.fr\/wp-content\/uploads\/2024\/08\/Evaluation-des-performances-sur-vehicule-de-carburants-renouvelables-a-haute-teneur-en-ethanol_VF.pdf&#8221; url_new_window=&#8221;on&#8221; button_text=&#8221;IFPEN 2022 Study (PDF)<\/p>\n<p>&#8221; _builder_version=&#8221;4.27.4&#8243; _module_preset=&#8221;default&#8221; global_colors_info=&#8221;{}&#8221;][\/et_pb_button][\/et_pb_column][et_pb_column type=&#8221;1_2&#8243; _builder_version=&#8221;4.27.4&#8243; _module_preset=&#8221;default&#8221; global_colors_info=&#8221;{}&#8221;][et_pb_image src=&#8221;https:\/\/www.bioethanolfrance.fr\/wp-content\/uploads\/2025\/07\/IFPEN-2022-FR-VF-150724.jpg&#8221; title_text=&#8221;IFPEN-2022-FR-VF-150724&#8243; show_in_lightbox=&#8221;on&#8221; align=&#8221;center&#8221; _builder_version=&#8221;4.27.4&#8243; _module_preset=&#8221;default&#8221; global_colors_info=&#8221;{}&#8221;][\/et_pb_image][et_pb_image src=&#8221;https:\/\/www.bioethanolfrance.fr\/wp-content\/uploads\/2025\/07\/IFPEN-2022-EU-VF-150724.jpg&#8221; title_text=&#8221;IFPEN-2022-EU-VF-150724&#8243; show_in_lightbox=&#8221;on&#8221; align=&#8221;center&#8221; _builder_version=&#8221;4.27.4&#8243; _module_preset=&#8221;default&#8221; global_colors_info=&#8221;{}&#8221;][\/et_pb_image][\/et_pb_column][\/et_pb_row][et_pb_row column_structure=&#8221;1_2,1_2&#8243; _builder_version=&#8221;4.27.4&#8243; _module_preset=&#8221;default&#8221; global_colors_info=&#8221;{}&#8221;][et_pb_column type=&#8221;1_2&#8243; _builder_version=&#8221;4.27.4&#8243; _module_preset=&#8221;default&#8221; global_colors_info=&#8221;{}&#8221;][et_pb_text admin_label=&#8221;R\u00e9glementation CO\u2082 des v\u00e9hicules \u00e0 l&#8217;horizon 2035&#8243; _builder_version=&#8221;4.27.4&#8243; _module_preset=&#8221;default&#8221; text_font=&#8221;|&#8211;et_global_body_font_weight|||||||&#8221; text_text_color=&#8221;#474747&#8243; header_font=&#8221;|700|||||||&#8221; header_2_font=&#8221;|700|||||||&#8221; header_2_text_align=&#8221;left&#8221; header_2_font_size=&#8221;32px&#8221; custom_padding=&#8221;||||false|false&#8221; text_letter_spacing_tablet=&#8221;&#8221; text_letter_spacing_phone=&#8221;&#8221; text_letter_spacing_last_edited=&#8221;on|desktop&#8221; global_colors_info=&#8221;{}&#8221;]<\/p>\n<h2>CO\u2082 regulation for vehicles by 2035<\/h2>\n<p>[\/et_pb_text][et_pb_text admin_label=&#8221;Description&#8221; _builder_version=&#8221;4.27.4&#8243; _module_preset=&#8221;default&#8221; text_font=&#8221;|&#8211;et_global_body_font_weight|||||||&#8221; text_text_color=&#8221;#474747&#8243; header_font=&#8221;|700|||||||&#8221; header_2_font=&#8221;|700|||||||&#8221; header_2_font_size=&#8221;32px&#8221; header_4_text_color=&#8221;#003A7A&#8221; custom_padding=&#8221;||||false|false&#8221; text_letter_spacing_tablet=&#8221;&#8221; text_letter_spacing_phone=&#8221;&#8221; text_letter_spacing_last_edited=&#8221;on|desktop&#8221; global_colors_info=&#8221;{}&#8221;]<\/p>\n<p>In 2023, the European Union adopted a regulation aiming to ban the sale of new cars emitting CO\u2082 at the tailpipe starting in 2035. However, this regulation leaves the door open for CO\u2082-neutral fuels \u2014 that is, fuels that do not emit fossil CO\u2082 \u2014 whose definition is still under discussion at the European level. This definition could allow the commercialization of vehicles running on 100% renewable Superethanol-E85, in addition to fully electric vehicles, after 2035.  <\/p>\n<p>Moreover, electrification alone will not be sufficient to meet all drivers\u2019 needs, given the required resources and infrastructure. It will need to be combined with the use of CO\u2082-neutral fuels in hybrids and plug-in hybrids equipped with smaller batteries. <\/p>\n<p>[\/et_pb_text][\/et_pb_column][et_pb_column type=&#8221;1_2&#8243; _builder_version=&#8221;4.27.4&#8243; _module_preset=&#8221;default&#8221; global_colors_info=&#8221;{}&#8221;][et_pb_image src=&#8221;https:\/\/www.bioethanolfrance.fr\/wp-content\/uploads\/2025\/07\/Union-europeenne-scaled.jpg&#8221; title_text=&#8221;EU Flags near The European Parliament, Brussels, Belgium &#8211; 02 Mar 2011&#8243; align=&#8221;center&#8221; _builder_version=&#8221;4.27.4&#8243; _module_preset=&#8221;default&#8221; border_radii=&#8221;off|20px|20px|20px|20px&#8221; global_colors_info=&#8221;{}&#8221;][\/et_pb_image][\/et_pb_column][\/et_pb_row][\/et_pb_section]<\/p>\n","protected":false},"excerpt":{"rendered":"<p>THE FUTURE SUPERETHANOL-E85100% RENEWABLEAn eco-friendly alternative to traditional fuelsCurrent Superethanol-E85 is a fuel made from bioethanol and gasoline. By regulation, it contains between 60% and 85% bioethanol, with the remainder being fossil gasoline. With the development of sustainable aviation fuels (SAF), it is now possible to produce a100% renewable Superethanol-E85, by replacing the fossil gasoline [&hellip;]<\/p>\n","protected":false},"author":1,"featured_media":0,"parent":0,"menu_order":0,"comment_status":"closed","ping_status":"closed","template":"","meta":{"_acf_changed":false,"_et_pb_use_builder":"on","_et_pb_old_content":"","_et_gb_content_width":"","footnotes":""},"class_list":["post-27584943","page","type-page","status-publish","hentry"],"acf":[],"yoast_head":"<!-- This site is optimized with the Yoast SEO plugin v25.8 - https:\/\/yoast.com\/wordpress\/plugins\/seo\/ -->\n<title>The Future 100% Renewable Superethanol-E85 - Bio\u00e9thanol France<\/title>\n<meta name=\"robots\" content=\"index, follow, max-snippet:-1, max-image-preview:large, max-video-preview:-1\" \/>\n<link rel=\"canonical\" href=\"https:\/\/www.bioethanolfrance.fr\/en\/the-future-100-renewable-superethanol-e85\/\" \/>\n<meta property=\"og:locale\" content=\"en_US\" \/>\n<meta property=\"og:type\" content=\"article\" \/>\n<meta property=\"og:title\" content=\"The Future 100% Renewable Superethanol-E85 - Bio\u00e9thanol France\" \/>\n<meta property=\"og:description\" content=\"THE FUTURE SUPERETHANOL-E85100% RENEWABLEAn eco-friendly alternative to traditional fuelsCurrent Superethanol-E85 is a fuel made from bioethanol and gasoline. By regulation, it contains between 60% and 85% bioethanol, with the remainder being fossil gasoline. With the development of sustainable aviation fuels (SAF), it is now possible to produce a100% renewable Superethanol-E85, by replacing the fossil gasoline [&hellip;]\" \/>\n<meta property=\"og:url\" content=\"https:\/\/www.bioethanolfrance.fr\/en\/the-future-100-renewable-superethanol-e85\/\" \/>\n<meta property=\"og:site_name\" content=\"Bio\u00e9thanol France\" \/>\n<meta property=\"article:modified_time\" content=\"2025-11-26T16:36:29+00:00\" \/>\n<meta name=\"twitter:card\" content=\"summary_large_image\" \/>\n<meta name=\"twitter:label1\" content=\"Est. reading time\" \/>\n\t<meta name=\"twitter:data1\" content=\"7 minutes\" \/>\n<script type=\"application\/ld+json\" class=\"yoast-schema-graph\">{\"@context\":\"https:\/\/schema.org\",\"@graph\":[{\"@type\":\"WebPage\",\"@id\":\"https:\/\/www.bioethanolfrance.fr\/en\/the-future-100-renewable-superethanol-e85\/\",\"url\":\"https:\/\/www.bioethanolfrance.fr\/en\/the-future-100-renewable-superethanol-e85\/\",\"name\":\"The Future 100% Renewable Superethanol-E85 - Bio\u00e9thanol France\",\"isPartOf\":{\"@id\":\"https:\/\/www.bioethanolfrance.fr\/en\/#website\"},\"datePublished\":\"2025-07-24T08:27:37+00:00\",\"dateModified\":\"2025-11-26T16:36:29+00:00\",\"breadcrumb\":{\"@id\":\"https:\/\/www.bioethanolfrance.fr\/en\/the-future-100-renewable-superethanol-e85\/#breadcrumb\"},\"inLanguage\":\"en-US\",\"potentialAction\":[{\"@type\":\"ReadAction\",\"target\":[\"https:\/\/www.bioethanolfrance.fr\/en\/the-future-100-renewable-superethanol-e85\/\"]}]},{\"@type\":\"BreadcrumbList\",\"@id\":\"https:\/\/www.bioethanolfrance.fr\/en\/the-future-100-renewable-superethanol-e85\/#breadcrumb\",\"itemListElement\":[{\"@type\":\"ListItem\",\"position\":1,\"name\":\"Accueil\",\"item\":\"https:\/\/www.bioethanolfrance.fr\/en\/harnessing-the-synergies-of-plant-based-resources\/\"},{\"@type\":\"ListItem\",\"position\":2,\"name\":\"The Future 100% Renewable Superethanol-E85\"}]},{\"@type\":\"WebSite\",\"@id\":\"https:\/\/www.bioethanolfrance.fr\/en\/#website\",\"url\":\"https:\/\/www.bioethanolfrance.fr\/en\/\",\"name\":\"Bio\u00e9thanol France\",\"description\":\"Activer les synergies du v\u00e9g\u00e9tal\",\"publisher\":{\"@id\":\"https:\/\/www.bioethanolfrance.fr\/en\/#organization\"},\"potentialAction\":[{\"@type\":\"SearchAction\",\"target\":{\"@type\":\"EntryPoint\",\"urlTemplate\":\"https:\/\/www.bioethanolfrance.fr\/en\/?s={search_term_string}\"},\"query-input\":{\"@type\":\"PropertyValueSpecification\",\"valueRequired\":true,\"valueName\":\"search_term_string\"}}],\"inLanguage\":\"en-US\"},{\"@type\":\"Organization\",\"@id\":\"https:\/\/www.bioethanolfrance.fr\/en\/#organization\",\"name\":\"Bio\u00e9thanol France\",\"url\":\"https:\/\/www.bioethanolfrance.fr\/en\/\",\"logo\":{\"@type\":\"ImageObject\",\"inLanguage\":\"en-US\",\"@id\":\"https:\/\/www.bioethanolfrance.fr\/en\/#\/schema\/logo\/image\/\",\"url\":\"https:\/\/www.bioethanolfrance.fr\/wp-content\/uploads\/2024\/11\/Logo-Bioethanol-France-1.svg\",\"contentUrl\":\"https:\/\/www.bioethanolfrance.fr\/wp-content\/uploads\/2024\/11\/Logo-Bioethanol-France-1.svg\",\"width\":\"1024\",\"height\":\"1024\",\"caption\":\"Bio\u00e9thanol France\"},\"image\":{\"@id\":\"https:\/\/www.bioethanolfrance.fr\/en\/#\/schema\/logo\/image\/\"}}]}<\/script>\n<!-- \/ Yoast SEO plugin. -->","yoast_head_json":{"title":"The Future 100% Renewable Superethanol-E85 - Bio\u00e9thanol France","robots":{"index":"index","follow":"follow","max-snippet":"max-snippet:-1","max-image-preview":"max-image-preview:large","max-video-preview":"max-video-preview:-1"},"canonical":"https:\/\/www.bioethanolfrance.fr\/en\/the-future-100-renewable-superethanol-e85\/","og_locale":"en_US","og_type":"article","og_title":"The Future 100% Renewable Superethanol-E85 - Bio\u00e9thanol France","og_description":"THE FUTURE SUPERETHANOL-E85100% RENEWABLEAn eco-friendly alternative to traditional fuelsCurrent Superethanol-E85 is a fuel made from bioethanol and gasoline. By regulation, it contains between 60% and 85% bioethanol, with the remainder being fossil gasoline. With the development of sustainable aviation fuels (SAF), it is now possible to produce a100% renewable Superethanol-E85, by replacing the fossil gasoline [&hellip;]","og_url":"https:\/\/www.bioethanolfrance.fr\/en\/the-future-100-renewable-superethanol-e85\/","og_site_name":"Bio\u00e9thanol France","article_modified_time":"2025-11-26T16:36:29+00:00","twitter_card":"summary_large_image","twitter_misc":{"Est. reading time":"7 minutes"},"schema":{"@context":"https:\/\/schema.org","@graph":[{"@type":"WebPage","@id":"https:\/\/www.bioethanolfrance.fr\/en\/the-future-100-renewable-superethanol-e85\/","url":"https:\/\/www.bioethanolfrance.fr\/en\/the-future-100-renewable-superethanol-e85\/","name":"The Future 100% Renewable Superethanol-E85 - Bio\u00e9thanol France","isPartOf":{"@id":"https:\/\/www.bioethanolfrance.fr\/en\/#website"},"datePublished":"2025-07-24T08:27:37+00:00","dateModified":"2025-11-26T16:36:29+00:00","breadcrumb":{"@id":"https:\/\/www.bioethanolfrance.fr\/en\/the-future-100-renewable-superethanol-e85\/#breadcrumb"},"inLanguage":"en-US","potentialAction":[{"@type":"ReadAction","target":["https:\/\/www.bioethanolfrance.fr\/en\/the-future-100-renewable-superethanol-e85\/"]}]},{"@type":"BreadcrumbList","@id":"https:\/\/www.bioethanolfrance.fr\/en\/the-future-100-renewable-superethanol-e85\/#breadcrumb","itemListElement":[{"@type":"ListItem","position":1,"name":"Accueil","item":"https:\/\/www.bioethanolfrance.fr\/en\/harnessing-the-synergies-of-plant-based-resources\/"},{"@type":"ListItem","position":2,"name":"The Future 100% Renewable Superethanol-E85"}]},{"@type":"WebSite","@id":"https:\/\/www.bioethanolfrance.fr\/en\/#website","url":"https:\/\/www.bioethanolfrance.fr\/en\/","name":"Bio\u00e9thanol France","description":"Activer les synergies du v\u00e9g\u00e9tal","publisher":{"@id":"https:\/\/www.bioethanolfrance.fr\/en\/#organization"},"potentialAction":[{"@type":"SearchAction","target":{"@type":"EntryPoint","urlTemplate":"https:\/\/www.bioethanolfrance.fr\/en\/?s={search_term_string}"},"query-input":{"@type":"PropertyValueSpecification","valueRequired":true,"valueName":"search_term_string"}}],"inLanguage":"en-US"},{"@type":"Organization","@id":"https:\/\/www.bioethanolfrance.fr\/en\/#organization","name":"Bio\u00e9thanol France","url":"https:\/\/www.bioethanolfrance.fr\/en\/","logo":{"@type":"ImageObject","inLanguage":"en-US","@id":"https:\/\/www.bioethanolfrance.fr\/en\/#\/schema\/logo\/image\/","url":"https:\/\/www.bioethanolfrance.fr\/wp-content\/uploads\/2024\/11\/Logo-Bioethanol-France-1.svg","contentUrl":"https:\/\/www.bioethanolfrance.fr\/wp-content\/uploads\/2024\/11\/Logo-Bioethanol-France-1.svg","width":"1024","height":"1024","caption":"Bio\u00e9thanol France"},"image":{"@id":"https:\/\/www.bioethanolfrance.fr\/en\/#\/schema\/logo\/image\/"}}]}},"_links":{"self":[{"href":"https:\/\/www.bioethanolfrance.fr\/en\/wp-json\/wp\/v2\/pages\/27584943","targetHints":{"allow":["GET"]}}],"collection":[{"href":"https:\/\/www.bioethanolfrance.fr\/en\/wp-json\/wp\/v2\/pages"}],"about":[{"href":"https:\/\/www.bioethanolfrance.fr\/en\/wp-json\/wp\/v2\/types\/page"}],"author":[{"embeddable":true,"href":"https:\/\/www.bioethanolfrance.fr\/en\/wp-json\/wp\/v2\/users\/1"}],"replies":[{"embeddable":true,"href":"https:\/\/www.bioethanolfrance.fr\/en\/wp-json\/wp\/v2\/comments?post=27584943"}],"version-history":[{"count":2,"href":"https:\/\/www.bioethanolfrance.fr\/en\/wp-json\/wp\/v2\/pages\/27584943\/revisions"}],"predecessor-version":[{"id":27584945,"href":"https:\/\/www.bioethanolfrance.fr\/en\/wp-json\/wp\/v2\/pages\/27584943\/revisions\/27584945"}],"wp:attachment":[{"href":"https:\/\/www.bioethanolfrance.fr\/en\/wp-json\/wp\/v2\/media?parent=27584943"}],"curies":[{"name":"wp","href":"https:\/\/api.w.org\/{rel}","templated":true}]}}