{"id":27584919,"date":"2025-07-21T07:13:25","date_gmt":"2025-07-21T07:13:25","guid":{"rendered":"https:\/\/www.bioethanolfrance.fr\/password-reset\/"},"modified":"2025-07-21T07:13:25","modified_gmt":"2025-07-21T07:13:25","slug":"password-reset","status":"publish","type":"page","link":"https:\/\/www.bioethanolfrance.fr\/en\/password-reset\/","title":{"rendered":"Password reset"},"content":{"rendered":"<div class=\"um um-password um-um_password_id\">\n\t<div class=\"um-form\">\n\t\t<form method=\"post\" action=\"\">\n\t\t\t\n\t\t\t\t<input type=\"hidden\" name=\"_um_password_reset\" id=\"_um_password_reset\" value=\"1\" \/>\n\n\t\t\t\t\t\t\t\t\t<div class=\"um-field um-field-block um-field-type_block\">\n\t\t\t\t\t\t<div class=\"um-field-block\">\n\t\t\t\t\t\t\t<div style=\"text-align:center;\">\n\t\t\t\t\t\t\t\tTo reset your password, please enter your email address or username below.\t\t\t\t\t\t\t<\/div>\n\t\t\t\t\t\t<\/div>\n\t\t\t\t\t<\/div>\n\t\t\t\t\t<div  id=\"um_field_0_username_b\" class=\"um-field um-field-text  um-field-username_b um-field-text um-field-type_text\" data-key=\"username_b\"><div class=\"um-field-area\"><input  autocomplete=\"off\" class=\"um-form-field valid \" type=\"text\" name=\"username_b\" id=\"username_b\" value=\"\" placeholder=\"Enter your username or email\" data-validate=\"\" data-key=\"username_b\"  aria-invalid=\"false\" \/>\n\n\t\t\t\t\t\t<\/div><\/div>\t\t\t\t<div class=\"um-col-alt um-col-alt-b\">\n\t\t\t\t\t<div class=\"um-center\">\n\t\t\t\t\t\t<input type=\"submit\" value=\"Reset password\" class=\"um-button\" id=\"um-submit-btn\" \/>\n\t\t\t\t\t<\/div>\n\t\t\t\t\t<div class=\"um-clear\"><\/div>\n\t\t\t\t<\/div>\n\t\t\t\t\t<input type=\"hidden\" name=\"form_id\" id=\"form_id_um_password_id\" value=\"um_password_id\" \/>\n\t\t<p class=\"um_request_name\">\n\t\t<label for=\"um_request_um_password_id\">Only fill in if you are not human<\/label>\n\t\t<input type=\"hidden\" name=\"um_request\" id=\"um_request_um_password_id\" class=\"input\" value=\"\" size=\"25\" autocomplete=\"off\" \/>\n\t<\/p>\n\t\t\t<\/form>\n\t<\/div>\n<\/div>\n<style>\n\t\t\t.um-um_password_id.um {\n\t\t\tmax-width: 450px;\n\t\t}\n\t\t<\/style>\n\n","protected":false},"excerpt":{"rendered":"","protected":false},"author":1,"featured_media":0,"parent":0,"menu_order":0,"comment_status":"closed","ping_status":"closed","template":"","meta":{"_acf_changed":false,"_et_pb_use_builder":"","_et_pb_old_content":"","_et_gb_content_width":"","footnotes":""},"class_list":["post-27584919","page","type-page","status-publish","hentry"],"acf":[],"yoast_head":"<!-- This site is optimized with the Yoast SEO plugin v25.8 - https:\/\/yoast.com\/wordpress\/plugins\/seo\/ -->\n<title>Password reset - Bio\u00e9thanol France<\/title>\n<meta name=\"robots\" content=\"index, follow, max-snippet:-1, max-image-preview:large, max-video-preview:-1\" \/>\n<link rel=\"canonical\" href=\"https:\/\/www.bioethanolfrance.fr\/en\/password-reset\/\" \/>\n<meta property=\"og:locale\" content=\"en_US\" \/>\n<meta property=\"og:type\" content=\"article\" \/>\n<meta property=\"og:title\" content=\"Password reset - Bio\u00e9thanol France\" \/>\n<meta property=\"og:url\" content=\"https:\/\/www.bioethanolfrance.fr\/en\/password-reset\/\" \/>\n<meta property=\"og:site_name\" content=\"Bio\u00e9thanol France\" \/>\n<meta name=\"twitter:card\" content=\"summary_large_image\" \/>\n<script type=\"application\/ld+json\" class=\"yoast-schema-graph\">{\"@context\":\"https:\/\/schema.org\",\"@graph\":[{\"@type\":\"WebPage\",\"@id\":\"https:\/\/www.bioethanolfrance.fr\/en\/password-reset\/\",\"url\":\"https:\/\/www.bioethanolfrance.fr\/en\/password-reset\/\",\"name\":\"Password reset - Bio\u00e9thanol France\",\"isPartOf\":{\"@id\":\"https:\/\/www.bioethanolfrance.fr\/en\/#website\"},\"datePublished\":\"2025-07-21T07:13:25+00:00\",\"breadcrumb\":{\"@id\":\"https:\/\/www.bioethanolfrance.fr\/en\/password-reset\/#breadcrumb\"},\"inLanguage\":\"en-US\",\"potentialAction\":[{\"@type\":\"ReadAction\",\"target\":[\"https:\/\/www.bioethanolfrance.fr\/en\/password-reset\/\"]}]},{\"@type\":\"BreadcrumbList\",\"@id\":\"https:\/\/www.bioethanolfrance.fr\/en\/password-reset\/#breadcrumb\",\"itemListElement\":[{\"@type\":\"ListItem\",\"position\":1,\"name\":\"Accueil\",\"item\":\"https:\/\/www.bioethanolfrance.fr\/en\/harnessing-the-synergies-of-plant-based-resources\/\"},{\"@type\":\"ListItem\",\"position\":2,\"name\":\"Password reset\"}]},{\"@type\":\"WebSite\",\"@id\":\"https:\/\/www.bioethanolfrance.fr\/en\/#website\",\"url\":\"https:\/\/www.bioethanolfrance.fr\/en\/\",\"name\":\"Bio\u00e9thanol France\",\"description\":\"Activer les synergies du v\u00e9g\u00e9tal\",\"publisher\":{\"@id\":\"https:\/\/www.bioethanolfrance.fr\/en\/#organization\"},\"potentialAction\":[{\"@type\":\"SearchAction\",\"target\":{\"@type\":\"EntryPoint\",\"urlTemplate\":\"https:\/\/www.bioethanolfrance.fr\/en\/?s={search_term_string}\"},\"query-input\":{\"@type\":\"PropertyValueSpecification\",\"valueRequired\":true,\"valueName\":\"search_term_string\"}}],\"inLanguage\":\"en-US\"},{\"@type\":\"Organization\",\"@id\":\"https:\/\/www.bioethanolfrance.fr\/en\/#organization\",\"name\":\"Bio\u00e9thanol France\",\"url\":\"https:\/\/www.bioethanolfrance.fr\/en\/\",\"logo\":{\"@type\":\"ImageObject\",\"inLanguage\":\"en-US\",\"@id\":\"https:\/\/www.bioethanolfrance.fr\/en\/#\/schema\/logo\/image\/\",\"url\":\"https:\/\/www.bioethanolfrance.fr\/wp-content\/uploads\/2024\/11\/Logo-Bioethanol-France-1.svg\",\"contentUrl\":\"https:\/\/www.bioethanolfrance.fr\/wp-content\/uploads\/2024\/11\/Logo-Bioethanol-France-1.svg\",\"width\":\"1024\",\"height\":\"1024\",\"caption\":\"Bio\u00e9thanol France\"},\"image\":{\"@id\":\"https:\/\/www.bioethanolfrance.fr\/en\/#\/schema\/logo\/image\/\"}}]}<\/script>\n<!-- \/ Yoast SEO plugin. -->","yoast_head_json":{"title":"Password reset - Bio\u00e9thanol France","robots":{"index":"index","follow":"follow","max-snippet":"max-snippet:-1","max-image-preview":"max-image-preview:large","max-video-preview":"max-video-preview:-1"},"canonical":"https:\/\/www.bioethanolfrance.fr\/en\/password-reset\/","og_locale":"en_US","og_type":"article","og_title":"Password reset - Bio\u00e9thanol France","og_url":"https:\/\/www.bioethanolfrance.fr\/en\/password-reset\/","og_site_name":"Bio\u00e9thanol France","twitter_card":"summary_large_image","schema":{"@context":"https:\/\/schema.org","@graph":[{"@type":"WebPage","@id":"https:\/\/www.bioethanolfrance.fr\/en\/password-reset\/","url":"https:\/\/www.bioethanolfrance.fr\/en\/password-reset\/","name":"Password reset - Bio\u00e9thanol France","isPartOf":{"@id":"https:\/\/www.bioethanolfrance.fr\/en\/#website"},"datePublished":"2025-07-21T07:13:25+00:00","breadcrumb":{"@id":"https:\/\/www.bioethanolfrance.fr\/en\/password-reset\/#breadcrumb"},"inLanguage":"en-US","potentialAction":[{"@type":"ReadAction","target":["https:\/\/www.bioethanolfrance.fr\/en\/password-reset\/"]}]},{"@type":"BreadcrumbList","@id":"https:\/\/www.bioethanolfrance.fr\/en\/password-reset\/#breadcrumb","itemListElement":[{"@type":"ListItem","position":1,"name":"Accueil","item":"https:\/\/www.bioethanolfrance.fr\/en\/harnessing-the-synergies-of-plant-based-resources\/"},{"@type":"ListItem","position":2,"name":"Password reset"}]},{"@type":"WebSite","@id":"https:\/\/www.bioethanolfrance.fr\/en\/#website","url":"https:\/\/www.bioethanolfrance.fr\/en\/","name":"Bio\u00e9thanol France","description":"Activer les synergies du v\u00e9g\u00e9tal","publisher":{"@id":"https:\/\/www.bioethanolfrance.fr\/en\/#organization"},"potentialAction":[{"@type":"SearchAction","target":{"@type":"EntryPoint","urlTemplate":"https:\/\/www.bioethanolfrance.fr\/en\/?s={search_term_string}"},"query-input":{"@type":"PropertyValueSpecification","valueRequired":true,"valueName":"search_term_string"}}],"inLanguage":"en-US"},{"@type":"Organization","@id":"https:\/\/www.bioethanolfrance.fr\/en\/#organization","name":"Bio\u00e9thanol France","url":"https:\/\/www.bioethanolfrance.fr\/en\/","logo":{"@type":"ImageObject","inLanguage":"en-US","@id":"https:\/\/www.bioethanolfrance.fr\/en\/#\/schema\/logo\/image\/","url":"https:\/\/www.bioethanolfrance.fr\/wp-content\/uploads\/2024\/11\/Logo-Bioethanol-France-1.svg","contentUrl":"https:\/\/www.bioethanolfrance.fr\/wp-content\/uploads\/2024\/11\/Logo-Bioethanol-France-1.svg","width":"1024","height":"1024","caption":"Bio\u00e9thanol France"},"image":{"@id":"https:\/\/www.bioethanolfrance.fr\/en\/#\/schema\/logo\/image\/"}}]}},"_links":{"self":[{"href":"https:\/\/www.bioethanolfrance.fr\/en\/wp-json\/wp\/v2\/pages\/27584919","targetHints":{"allow":["GET"]}}],"collection":[{"href":"https:\/\/www.bioethanolfrance.fr\/en\/wp-json\/wp\/v2\/pages"}],"about":[{"href":"https:\/\/www.bioethanolfrance.fr\/en\/wp-json\/wp\/v2\/types\/page"}],"author":[{"embeddable":true,"href":"https:\/\/www.bioethanolfrance.fr\/en\/wp-json\/wp\/v2\/users\/1"}],"replies":[{"embeddable":true,"href":"https:\/\/www.bioethanolfrance.fr\/en\/wp-json\/wp\/v2\/comments?post=27584919"}],"version-history":[{"count":0,"href":"https:\/\/www.bioethanolfrance.fr\/en\/wp-json\/wp\/v2\/pages\/27584919\/revisions"}],"wp:attachment":[{"href":"https:\/\/www.bioethanolfrance.fr\/en\/wp-json\/wp\/v2\/media?parent=27584919"}],"curies":[{"name":"wp","href":"https:\/\/api.w.org\/{rel}","templated":true}]}}