{"id":27584907,"date":"2025-07-24T07:15:55","date_gmt":"2025-07-24T07:15:55","guid":{"rendered":"https:\/\/www.bioethanolfrance.fr\/synergies-with-future-energies\/"},"modified":"2025-11-21T12:46:27","modified_gmt":"2025-11-21T12:46:27","slug":"synergies-with-future-energies","status":"publish","type":"page","link":"https:\/\/www.bioethanolfrance.fr\/en\/synergies-with-future-energies\/","title":{"rendered":"Synergies with Future Energies"},"content":{"rendered":"<p>[et_pb_section fb_built=&#8221;1&#8243; admin_label=&#8221;Header&#8221; _builder_version=&#8221;4.27.4&#8243; _module_preset=&#8221;default&#8221; background_image=&#8221;https:\/\/www.bioethanolfrance.fr\/wp-content\/uploads\/2025\/07\/Bioethanol-Carburant-Avenir.jpg&#8221; parallax=&#8221;on&#8221; width=&#8221;100%&#8221; module_alignment=&#8221;center&#8221; min_height=&#8221;500px&#8221; min_height_tablet=&#8221;450px&#8221; min_height_phone=&#8221;400px&#8221; min_height_last_edited=&#8221;on|phone&#8221; custom_padding=&#8221;||||false|false&#8221; custom_css_main_element=&#8221;display: flex;&#8221; border_radii=&#8221;on|0px|0px|0px|0px&#8221; collapsed=&#8221;off&#8221; global_colors_info=&#8221;{}&#8221;][et_pb_row _builder_version=&#8221;4.27.4&#8243; _module_preset=&#8221;default&#8221; custom_margin=&#8221;||0px||false|false&#8221; global_colors_info=&#8221;{}&#8221;][et_pb_column type=&#8221;4_4&#8243; _builder_version=&#8221;4.22.0&#8243; _module_preset=&#8221;default&#8221; global_colors_info=&#8221;{}&#8221;][et_pb_text module_class=&#8221;highlight-title&#8221; _builder_version=&#8221;4.27.4&#8243; _module_preset=&#8221;default&#8221; header_font=&#8221;&#8211;et_global_heading_font|700|||||||&#8221; header_text_color=&#8221;#003A7A&#8221; global_colors_info=&#8221;{}&#8221;]<\/p>\n<h1><span>LE BIOETHANOL,<\/span><\/br><span><br \/>FUEL OF THE FUTURE<\/span><\/h1>\n<p>[\/et_pb_text][\/et_pb_column][\/et_pb_row][\/et_pb_section][et_pb_section fb_built=&#8221;1&#8243; admin_label=&#8221;About&#8221; _builder_version=&#8221;4.27.4&#8243; _module_preset=&#8221;default&#8221; collapsed=&#8221;off&#8221; global_colors_info=&#8221;{}&#8221;][et_pb_row column_structure=&#8221;1_2,1_2&#8243; _builder_version=&#8221;4.27.4&#8243; _module_preset=&#8221;default&#8221; global_colors_info=&#8221;{}&#8221;][et_pb_column type=&#8221;1_2&#8243; _builder_version=&#8221;4.22.0&#8243; _module_preset=&#8221;default&#8221; global_colors_info=&#8221;{}&#8221;][et_pb_text admin_label=&#8221;Une synergie avec les \u00e9nergies d\u2019avenir&#8221; _builder_version=&#8221;4.27.4&#8243; _module_preset=&#8221;11e2b386-4402-4d36-87c2-9ef94ce1fdba&#8221; text_font=&#8221;GOTHAM-BOLD|800|||||||&#8221; text_text_color=&#8221;#003A7A&#8221; text_font_size=&#8221;32px&#8221; header_font=&#8221;|700|||||||&#8221; header_2_font=&#8221;GOTHAM-BOLD|700|||||||&#8221; header_2_text_color=&#8221;#003A7A&#8221; header_2_font_size=&#8221;38px&#8221; header_font_tablet=&#8221;|700|||||||&#8221; header_font_phone=&#8221;|700|||||||&#8221; header_font_last_edited=&#8221;on|phone&#8221; header_2_font_size_phone=&#8221;32px&#8221; global_colors_info=&#8221;{}&#8221;]<\/p>\n<h2>Synergies with Future Energies<\/h2>\n<p>[\/et_pb_text][et_pb_text admin_label=&#8221;Description&#8221; _builder_version=&#8221;4.27.4&#8243; _module_preset=&#8221;default&#8221; text_text_color=&#8221;#474747&#8243; global_colors_info=&#8221;{}&#8221;]<\/p>\n<p>Bioethanol is part of a broader ecosystem of complementary renewable energies. Bioethanol fits perfectly into this dynamic by complementing and strengthening other sustainable solutions.<\/p>\n<p>By harnessing the synergies between plant-based resources and new energy technologies, bioethanol is emerging as a key link in the energy transition. Accessible, efficient, and environmentally friendly, it helps build a more sustainable mobility model for future generations.<\/p>\n<p>[\/et_pb_text][\/et_pb_column][et_pb_column type=&#8221;1_2&#8243; _builder_version=&#8221;4.22.0&#8243; _module_preset=&#8221;default&#8221; global_colors_info=&#8221;{}&#8221;][et_pb_image src=&#8221;https:\/\/www.bioethanolfrance.fr\/wp-content\/uploads\/2025\/07\/Artboard-1Bioethanol-France-Synergie-Vegetal.jpg&#8221; title_text=&#8221;Artboard 1Bioethanol-France-Synergie-Vegetal&#8221; align=&#8221;center&#8221; _builder_version=&#8221;4.27.4&#8243; _module_preset=&#8221;default&#8221; max_width=&#8221;500px&#8221; hover_enabled=&#8221;0&#8243; global_colors_info=&#8221;{}&#8221; sticky_enabled=&#8221;0&#8243;][\/et_pb_image][\/et_pb_column][\/et_pb_row][et_pb_row column_structure=&#8221;1_2,1_2&#8243; _builder_version=&#8221;4.27.4&#8243; _module_preset=&#8221;default&#8221; global_colors_info=&#8221;{}&#8221;][et_pb_column type=&#8221;1_2&#8243; _builder_version=&#8221;4.27.4&#8243; _module_preset=&#8221;default&#8221; global_colors_info=&#8221;{}&#8221;][et_pb_text admin_label=&#8221;1. \u00c9lectricit\u00e9 &#038; bio\u00e9thanol : une alliance performante&#8221; _builder_version=&#8221;4.27.4&#8243; _module_preset=&#8221;default&#8221; text_font=&#8221;|&#8211;et_global_body_font_weight|||||||&#8221; text_text_color=&#8221;#474747&#8243; header_font=&#8221;|700|||||||&#8221; header_2_font=&#8221;|700|||||||&#8221; header_2_text_align=&#8221;left&#8221; header_2_font_size=&#8221;32px&#8221; custom_padding=&#8221;||||false|false&#8221; text_letter_spacing_tablet=&#8221;&#8221; text_letter_spacing_phone=&#8221;&#8221; text_letter_spacing_last_edited=&#8221;on|desktop&#8221; global_colors_info=&#8221;{}&#8221;]<\/p>\n<h2>1. Electricity &amp; bioethanol: a high-performance alliance<\/h2>\n<p>[\/et_pb_text][et_pb_text admin_label=&#8221;Description&#8221; _builder_version=&#8221;4.27.4&#8243; _module_preset=&#8221;default&#8221; text_font=&#8221;|&#8211;et_global_body_font_weight|||||||&#8221; text_text_color=&#8221;#474747&#8243; header_font=&#8221;|700|||||||&#8221; header_2_font=&#8221;|700|||||||&#8221; header_2_font_size=&#8221;32px&#8221; header_4_text_color=&#8221;#003A7A&#8221; custom_padding=&#8221;||||false|false&#8221; text_letter_spacing_tablet=&#8221;&#8221; text_letter_spacing_phone=&#8221;&#8221; text_letter_spacing_last_edited=&#8221;on|desktop&#8221; global_colors_info=&#8221;{}&#8221;]<\/p>\n<p>Plug-in hybrid vehicles (PHEVs) running on Superethanol-E85 combine the best of both worlds: electric power for short trips and bioethanol for long distances.<\/p>\n<p>A 2022 IFPEN study showed that for a C-segment vehicle, an E85 PHEV driving 60% of its mileage in combustion mode is just as climate-friendly as an electric vehicle equipped with a 60 kWh battery when using the French electricity mix.<\/p>\n<p>At the European level, the E85 PHEV is even better for the climate due to the higher carbon intensity of the European electricity mix.<\/p>\n<p>[\/et_pb_text][\/et_pb_column][et_pb_column type=&#8221;1_2&#8243; _builder_version=&#8221;4.27.4&#8243; _module_preset=&#8221;default&#8221; global_colors_info=&#8221;{}&#8221;][et_pb_image src=&#8221;https:\/\/www.bioethanolfrance.fr\/wp-content\/uploads\/2025\/07\/Bioethanol-Avenir-Hybride-Rechargeable-Flex-E85.jpg&#8221; title_text=&#8221;Bioethanol-Avenir-Hybride-Rechargeable-Flex-E85&#8243; align=&#8221;center&#8221; _builder_version=&#8221;4.27.4&#8243; _module_preset=&#8221;default&#8221; max_width=&#8221;500px&#8221; global_colors_info=&#8221;{}&#8221;][\/et_pb_image][\/et_pb_column][\/et_pb_row][et_pb_row column_structure=&#8221;1_2,1_2&#8243; _builder_version=&#8221;4.27.4&#8243; _module_preset=&#8221;default&#8221; global_colors_info=&#8221;{}&#8221;][et_pb_column type=&#8221;1_2&#8243; _builder_version=&#8221;4.27.4&#8243; _module_preset=&#8221;default&#8221; global_colors_info=&#8221;{}&#8221;][et_pb_image src=&#8221;https:\/\/www.bioethanolfrance.fr\/wp-content\/uploads\/2025\/07\/IFPEN-2022-FR-VF-150724.jpg&#8221; title_text=&#8221;IFPEN-2022-FR-VF-150724&#8243; show_in_lightbox=&#8221;on&#8221; _builder_version=&#8221;4.27.4&#8243; _module_preset=&#8221;default&#8221; global_colors_info=&#8221;{}&#8221;][\/et_pb_image][\/et_pb_column][et_pb_column type=&#8221;1_2&#8243; _builder_version=&#8221;4.27.4&#8243; _module_preset=&#8221;default&#8221; global_colors_info=&#8221;{}&#8221;][et_pb_image src=&#8221;https:\/\/www.bioethanolfrance.fr\/wp-content\/uploads\/2025\/07\/IFPEN-2022-EU-VF-150724.jpg&#8221; title_text=&#8221;IFPEN-2022-EU-VF-150724&#8243; show_in_lightbox=&#8221;on&#8221; _builder_version=&#8221;4.27.4&#8243; _module_preset=&#8221;default&#8221; global_colors_info=&#8221;{}&#8221;][\/et_pb_image][\/et_pb_column][\/et_pb_row][et_pb_row column_structure=&#8221;1_2,1_2&#8243; _builder_version=&#8221;4.27.4&#8243; _module_preset=&#8221;default&#8221; global_colors_info=&#8221;{}&#8221;][et_pb_column type=&#8221;1_2&#8243; _builder_version=&#8221;4.27.4&#8243; _module_preset=&#8221;default&#8221; global_colors_info=&#8221;{}&#8221;][et_pb_text admin_label=&#8221;2.CO2 biog\u00e9nique : une ressource primaire pour les carburants d\u2019aviation durables (SAF)&#8221; _builder_version=&#8221;4.27.4&#8243; _module_preset=&#8221;default&#8221; text_font=&#8221;|&#8211;et_global_body_font_weight|||||||&#8221; text_text_color=&#8221;#474747&#8243; header_font=&#8221;|700|||||||&#8221; header_2_font=&#8221;|700|||||||&#8221; header_2_text_align=&#8221;left&#8221; header_2_font_size=&#8221;32px&#8221; custom_padding=&#8221;||||false|false&#8221; text_letter_spacing_tablet=&#8221;&#8221; text_letter_spacing_phone=&#8221;&#8221; text_letter_spacing_last_edited=&#8221;on|desktop&#8221; global_colors_info=&#8221;{}&#8221;]<\/p>\n<h2>2. Biogenic CO\u2082: a primary resource for sustainable aviation fuels (SAF)<\/h2>\n<p>[\/et_pb_text][et_pb_text admin_label=&#8221;Description&#8221; _builder_version=&#8221;4.27.4&#8243; _module_preset=&#8221;default&#8221; text_font=&#8221;|&#8211;et_global_body_font_weight|||||||&#8221; text_text_color=&#8221;#474747&#8243; header_font=&#8221;|700|||||||&#8221; header_2_font=&#8221;|700|||||||&#8221; header_2_font_size=&#8221;32px&#8221; header_4_text_color=&#8221;#003A7A&#8221; custom_padding=&#8221;||||false|false&#8221; text_letter_spacing_tablet=&#8221;&#8221; text_letter_spacing_phone=&#8221;&#8221; text_letter_spacing_last_edited=&#8221;on|desktop&#8221; global_colors_info=&#8221;{}&#8221;]<\/p>\n<p>Bioethanol production inherently generates biogenic CO\u2082. This easily capturable biogenic CO\u2082 will be one of the primary resources\u2014together with hydrogen produced by water electrolysis\u2014for the production of SAF.<\/p>\n<p>[\/et_pb_text][et_pb_text admin_label=&#8221;3. Bio\u00e9thanol et co-produits des SAF : une compl\u00e9mentarit\u00e9 strat\u00e9gique&#8221; _builder_version=&#8221;4.27.4&#8243; _module_preset=&#8221;default&#8221; text_font=&#8221;|&#8211;et_global_body_font_weight|||||||&#8221; text_text_color=&#8221;#474747&#8243; header_font=&#8221;|700|||||||&#8221; header_2_font=&#8221;|700|||||||&#8221; header_2_text_align=&#8221;left&#8221; header_2_font_size=&#8221;32px&#8221; custom_padding=&#8221;||||false|false&#8221; text_letter_spacing_tablet=&#8221;&#8221; text_letter_spacing_phone=&#8221;&#8221; text_letter_spacing_last_edited=&#8221;on|desktop&#8221; global_colors_info=&#8221;{}&#8221;]<\/p>\n<h2>3. Bioethanol and SAF co-products: a strategic complementarity<\/h2>\n<p>[\/et_pb_text][et_pb_text admin_label=&#8221;Description&#8221; _builder_version=&#8221;4.27.4&#8243; _module_preset=&#8221;default&#8221; text_font=&#8221;|&#8211;et_global_body_font_weight|||||||&#8221; text_text_color=&#8221;#474747&#8243; header_font=&#8221;|700|||||||&#8221; header_2_font=&#8221;|700|||||||&#8221; header_2_font_size=&#8221;32px&#8221; header_4_text_color=&#8221;#003A7A&#8221; custom_padding=&#8221;||||false|false&#8221; text_letter_spacing_tablet=&#8221;&#8221; text_letter_spacing_phone=&#8221;&#8221; text_letter_spacing_last_edited=&#8221;on|desktop&#8221; global_colors_info=&#8221;{}&#8221;]<\/p>\n<p>During the production of SAF, co-products similar to gasoline and diesel are necessarily generated. These gasoline-type co-products cannot operate properly on their own in a gasoline engine because they do not meet the required specifications (they have an octane rating of around 40, whereas the engine requires a minimum octane rating of 95).<\/p>\n<p>By blending these co-products with at least 50% bioethanol, the resulting mixture reaches an octane rating above 95, enabling proper combustion in an engine.<\/p>\n<p>[\/et_pb_text][\/et_pb_column][et_pb_column type=&#8221;1_2&#8243; _builder_version=&#8221;4.27.4&#8243; _module_preset=&#8221;default&#8221; global_colors_info=&#8221;{}&#8221;][et_pb_image src=&#8221;https:\/\/www.bioethanolfrance.fr\/wp-content\/uploads\/2025\/07\/Bioethanol-Carburant-Aviation-Durable.jpg&#8221; title_text=&#8221;Bioethanol-Sustainable-Aviation-Fuel&#8221; align=&#8221;center&#8221; _builder_version=&#8221;4.27.4&#8243; _module_preset=&#8221;default&#8221; border_radii=&#8221;off|20px|20px|20px|20px&#8221; global_colors_info=&#8221;{}&#8221;][\/et_pb_image][\/et_pb_column][\/et_pb_row][\/et_pb_section]<\/p>\n","protected":false},"excerpt":{"rendered":"<p>LE BIOETHANOL,FUEL OF THE FUTURESynergies with Future EnergiesBioethanol is part of a broader ecosystem of complementary renewable energies. Bioethanol fits perfectly into this dynamic by complementing and strengthening other sustainable solutions. By harnessing the synergies between plant-based resources and new energy technologies, bioethanol is emerging as a key link in the energy transition. Accessible, efficient, [&hellip;]<\/p>\n","protected":false},"author":1,"featured_media":0,"parent":0,"menu_order":0,"comment_status":"closed","ping_status":"closed","template":"","meta":{"_acf_changed":false,"_et_pb_use_builder":"on","_et_pb_old_content":"","_et_gb_content_width":"","footnotes":""},"class_list":["post-27584907","page","type-page","status-publish","hentry"],"acf":[],"yoast_head":"<!-- This site is optimized with the Yoast SEO plugin v25.8 - https:\/\/yoast.com\/wordpress\/plugins\/seo\/ -->\n<title>Synergies with Future Energies - Bio\u00e9thanol France<\/title>\n<meta name=\"robots\" content=\"index, follow, max-snippet:-1, max-image-preview:large, max-video-preview:-1\" \/>\n<link rel=\"canonical\" href=\"https:\/\/www.bioethanolfrance.fr\/en\/synergies-with-future-energies\/\" \/>\n<meta property=\"og:locale\" content=\"en_US\" \/>\n<meta property=\"og:type\" content=\"article\" \/>\n<meta property=\"og:title\" content=\"Synergies with Future Energies - Bio\u00e9thanol France\" \/>\n<meta property=\"og:description\" content=\"LE BIOETHANOL,FUEL OF THE FUTURESynergies with Future EnergiesBioethanol is part of a broader ecosystem of complementary renewable energies. Bioethanol fits perfectly into this dynamic by complementing and strengthening other sustainable solutions. By harnessing the synergies between plant-based resources and new energy technologies, bioethanol is emerging as a key link in the energy transition. Accessible, efficient, [&hellip;]\" \/>\n<meta property=\"og:url\" content=\"https:\/\/www.bioethanolfrance.fr\/en\/synergies-with-future-energies\/\" \/>\n<meta property=\"og:site_name\" content=\"Bio\u00e9thanol France\" \/>\n<meta property=\"article:modified_time\" content=\"2025-11-21T12:46:27+00:00\" \/>\n<meta name=\"twitter:card\" content=\"summary_large_image\" \/>\n<meta name=\"twitter:label1\" content=\"Est. reading time\" \/>\n\t<meta name=\"twitter:data1\" content=\"6 minutes\" \/>\n<script type=\"application\/ld+json\" class=\"yoast-schema-graph\">{\"@context\":\"https:\/\/schema.org\",\"@graph\":[{\"@type\":\"WebPage\",\"@id\":\"https:\/\/www.bioethanolfrance.fr\/en\/synergies-with-future-energies\/\",\"url\":\"https:\/\/www.bioethanolfrance.fr\/en\/synergies-with-future-energies\/\",\"name\":\"Synergies with Future Energies - Bio\u00e9thanol France\",\"isPartOf\":{\"@id\":\"https:\/\/www.bioethanolfrance.fr\/en\/#website\"},\"datePublished\":\"2025-07-24T07:15:55+00:00\",\"dateModified\":\"2025-11-21T12:46:27+00:00\",\"breadcrumb\":{\"@id\":\"https:\/\/www.bioethanolfrance.fr\/en\/synergies-with-future-energies\/#breadcrumb\"},\"inLanguage\":\"en-US\",\"potentialAction\":[{\"@type\":\"ReadAction\",\"target\":[\"https:\/\/www.bioethanolfrance.fr\/en\/synergies-with-future-energies\/\"]}]},{\"@type\":\"BreadcrumbList\",\"@id\":\"https:\/\/www.bioethanolfrance.fr\/en\/synergies-with-future-energies\/#breadcrumb\",\"itemListElement\":[{\"@type\":\"ListItem\",\"position\":1,\"name\":\"Accueil\",\"item\":\"https:\/\/www.bioethanolfrance.fr\/en\/harnessing-the-synergies-of-plant-based-resources\/\"},{\"@type\":\"ListItem\",\"position\":2,\"name\":\"Synergies with Future Energies\"}]},{\"@type\":\"WebSite\",\"@id\":\"https:\/\/www.bioethanolfrance.fr\/en\/#website\",\"url\":\"https:\/\/www.bioethanolfrance.fr\/en\/\",\"name\":\"Bio\u00e9thanol France\",\"description\":\"Activer les synergies du v\u00e9g\u00e9tal\",\"publisher\":{\"@id\":\"https:\/\/www.bioethanolfrance.fr\/en\/#organization\"},\"potentialAction\":[{\"@type\":\"SearchAction\",\"target\":{\"@type\":\"EntryPoint\",\"urlTemplate\":\"https:\/\/www.bioethanolfrance.fr\/en\/?s={search_term_string}\"},\"query-input\":{\"@type\":\"PropertyValueSpecification\",\"valueRequired\":true,\"valueName\":\"search_term_string\"}}],\"inLanguage\":\"en-US\"},{\"@type\":\"Organization\",\"@id\":\"https:\/\/www.bioethanolfrance.fr\/en\/#organization\",\"name\":\"Bio\u00e9thanol France\",\"url\":\"https:\/\/www.bioethanolfrance.fr\/en\/\",\"logo\":{\"@type\":\"ImageObject\",\"inLanguage\":\"en-US\",\"@id\":\"https:\/\/www.bioethanolfrance.fr\/en\/#\/schema\/logo\/image\/\",\"url\":\"https:\/\/www.bioethanolfrance.fr\/wp-content\/uploads\/2024\/11\/Logo-Bioethanol-France-1.svg\",\"contentUrl\":\"https:\/\/www.bioethanolfrance.fr\/wp-content\/uploads\/2024\/11\/Logo-Bioethanol-France-1.svg\",\"width\":\"1024\",\"height\":\"1024\",\"caption\":\"Bio\u00e9thanol France\"},\"image\":{\"@id\":\"https:\/\/www.bioethanolfrance.fr\/en\/#\/schema\/logo\/image\/\"}}]}<\/script>\n<!-- \/ Yoast SEO plugin. -->","yoast_head_json":{"title":"Synergies with Future Energies - Bio\u00e9thanol France","robots":{"index":"index","follow":"follow","max-snippet":"max-snippet:-1","max-image-preview":"max-image-preview:large","max-video-preview":"max-video-preview:-1"},"canonical":"https:\/\/www.bioethanolfrance.fr\/en\/synergies-with-future-energies\/","og_locale":"en_US","og_type":"article","og_title":"Synergies with Future Energies - Bio\u00e9thanol France","og_description":"LE BIOETHANOL,FUEL OF THE FUTURESynergies with Future EnergiesBioethanol is part of a broader ecosystem of complementary renewable energies. Bioethanol fits perfectly into this dynamic by complementing and strengthening other sustainable solutions. By harnessing the synergies between plant-based resources and new energy technologies, bioethanol is emerging as a key link in the energy transition. Accessible, efficient, [&hellip;]","og_url":"https:\/\/www.bioethanolfrance.fr\/en\/synergies-with-future-energies\/","og_site_name":"Bio\u00e9thanol France","article_modified_time":"2025-11-21T12:46:27+00:00","twitter_card":"summary_large_image","twitter_misc":{"Est. reading time":"6 minutes"},"schema":{"@context":"https:\/\/schema.org","@graph":[{"@type":"WebPage","@id":"https:\/\/www.bioethanolfrance.fr\/en\/synergies-with-future-energies\/","url":"https:\/\/www.bioethanolfrance.fr\/en\/synergies-with-future-energies\/","name":"Synergies with Future Energies - Bio\u00e9thanol France","isPartOf":{"@id":"https:\/\/www.bioethanolfrance.fr\/en\/#website"},"datePublished":"2025-07-24T07:15:55+00:00","dateModified":"2025-11-21T12:46:27+00:00","breadcrumb":{"@id":"https:\/\/www.bioethanolfrance.fr\/en\/synergies-with-future-energies\/#breadcrumb"},"inLanguage":"en-US","potentialAction":[{"@type":"ReadAction","target":["https:\/\/www.bioethanolfrance.fr\/en\/synergies-with-future-energies\/"]}]},{"@type":"BreadcrumbList","@id":"https:\/\/www.bioethanolfrance.fr\/en\/synergies-with-future-energies\/#breadcrumb","itemListElement":[{"@type":"ListItem","position":1,"name":"Accueil","item":"https:\/\/www.bioethanolfrance.fr\/en\/harnessing-the-synergies-of-plant-based-resources\/"},{"@type":"ListItem","position":2,"name":"Synergies with Future Energies"}]},{"@type":"WebSite","@id":"https:\/\/www.bioethanolfrance.fr\/en\/#website","url":"https:\/\/www.bioethanolfrance.fr\/en\/","name":"Bio\u00e9thanol France","description":"Activer les synergies du v\u00e9g\u00e9tal","publisher":{"@id":"https:\/\/www.bioethanolfrance.fr\/en\/#organization"},"potentialAction":[{"@type":"SearchAction","target":{"@type":"EntryPoint","urlTemplate":"https:\/\/www.bioethanolfrance.fr\/en\/?s={search_term_string}"},"query-input":{"@type":"PropertyValueSpecification","valueRequired":true,"valueName":"search_term_string"}}],"inLanguage":"en-US"},{"@type":"Organization","@id":"https:\/\/www.bioethanolfrance.fr\/en\/#organization","name":"Bio\u00e9thanol France","url":"https:\/\/www.bioethanolfrance.fr\/en\/","logo":{"@type":"ImageObject","inLanguage":"en-US","@id":"https:\/\/www.bioethanolfrance.fr\/en\/#\/schema\/logo\/image\/","url":"https:\/\/www.bioethanolfrance.fr\/wp-content\/uploads\/2024\/11\/Logo-Bioethanol-France-1.svg","contentUrl":"https:\/\/www.bioethanolfrance.fr\/wp-content\/uploads\/2024\/11\/Logo-Bioethanol-France-1.svg","width":"1024","height":"1024","caption":"Bio\u00e9thanol France"},"image":{"@id":"https:\/\/www.bioethanolfrance.fr\/en\/#\/schema\/logo\/image\/"}}]}},"_links":{"self":[{"href":"https:\/\/www.bioethanolfrance.fr\/en\/wp-json\/wp\/v2\/pages\/27584907","targetHints":{"allow":["GET"]}}],"collection":[{"href":"https:\/\/www.bioethanolfrance.fr\/en\/wp-json\/wp\/v2\/pages"}],"about":[{"href":"https:\/\/www.bioethanolfrance.fr\/en\/wp-json\/wp\/v2\/types\/page"}],"author":[{"embeddable":true,"href":"https:\/\/www.bioethanolfrance.fr\/en\/wp-json\/wp\/v2\/users\/1"}],"replies":[{"embeddable":true,"href":"https:\/\/www.bioethanolfrance.fr\/en\/wp-json\/wp\/v2\/comments?post=27584907"}],"version-history":[{"count":2,"href":"https:\/\/www.bioethanolfrance.fr\/en\/wp-json\/wp\/v2\/pages\/27584907\/revisions"}],"predecessor-version":[{"id":27584909,"href":"https:\/\/www.bioethanolfrance.fr\/en\/wp-json\/wp\/v2\/pages\/27584907\/revisions\/27584909"}],"wp:attachment":[{"href":"https:\/\/www.bioethanolfrance.fr\/en\/wp-json\/wp\/v2\/media?parent=27584907"}],"curies":[{"name":"wp","href":"https:\/\/api.w.org\/{rel}","templated":true}]}}